{"id":7859,"date":"2015-09-28T17:42:46","date_gmt":"2015-09-28T16:42:46","guid":{"rendered":"http:\/\/tienda.alsinac.com\/bodega\/caja-cava-brut-nature-reserva-6-botellas-envio-no-incluido\/"},"modified":"2026-04-11T12:59:09","modified_gmt":"2026-04-11T10:59:09","slug":"caja-cava-brut-nature-reserva-6-botellas-envio-no-incluido","status":"publish","type":"product","link":"https:\/\/alsinac.com\/fr\/bodega\/caja-cava-brut-nature-reserva-6-botellas-envio-no-incluido\/","title":{"rendered":"Bo\u00eete Cava Brut Nature Reserva (6 bouteilles, livraison non incluse)"},"content":{"rendered":"\n<p style=\"text-align: justify;\"><strong>Note de d\u00e9gustation:<\/strong> Alsinac Brut Nature Reserva pr\u00e9sente une s\u00e9duisante couleur dor\u00e9e, avec des bulles subtiles et persistantes.<\/p>\n<p style=\"text-align: justify;\">Au palais, il apporte une agr\u00e9able onctuosit\u00e9 pour qui le d\u00e9guste, en maintenant \u00e0 la fois les essences naturelles des raisins qui sont \u00e0 son origine.<\/p>\n<p style=\"text-align: justify;\"><strong>Accords:<\/strong> ce cava se marie parfaitement avec des repas consistants \u00e0 base de viande, de volaille ou de poisson gras. Son \u00e9levage en fait aussi un candidat id\u00e9al pour \u00eatre combin\u00e9 avec toutes sortes de vari\u00e9t\u00e9s ib\u00e9riques.<\/p>\n<p style=\"text-align: justify;\"><strong>Temp\u00e9rature pour le service:<\/strong> pour le plus grand plaisir de d\u00e9gustation de notre Cava, il convient de le servir tr\u00e8s frais. Ainsi, apr\u00e8s quelques heures dans le r\u00e9frig\u00e9rateur jusqu\u2019\u00e0 atteindre les 6\u00baC, il sera mis pendant 30 minutes dans le cong\u00e9lateur pour que la temp\u00e9rature descende \u00e0 3\u00baC. C\u2019est \u00e0 ce moment-l\u00e0 que le Cava pourra \u00eatre appr\u00e9ci\u00e9 pour une d\u00e9gustation optimale.<\/p>\n<span class=\"et_bloom_bottom_trigger\"><\/span>","protected":false},"excerpt":{"rendered":"<p style=\"text-align: justify;\">Alsinac Brut Nature Reserva est un Cava entrepos\u00e9 pendant 24 mois sur lattes, \u00e9labor\u00e9 \u00e0 partir des trois vins traditionnels du Pened\u00e8s.<\/p>\n<p style=\"text-align: justify;\">Le temps de garde prolong\u00e9 pour la deuxi\u00e8me fermentation en fait un Cava tr\u00e8s cors\u00e9 avec un niveau d\u2019acidit\u00e9 r\u00e9duit.<\/p>\n<p style=\"text-align: justify;\">Si vous souhaitez commander plus de quatre caisses, nous vous prions de bien vouloir prendre directement contact avec nous pour optimiser les frais d\u2019envoi.<\/p>\n","protected":false},"featured_media":16509,"comment_status":"open","ping_status":"closed","template":"","meta":{"om_disable_all_campaigns":false},"product_brand":[],"product_cat":[181],"product_tag":[],"class_list":{"0":"post-7859","1":"product","2":"type-product","3":"status-publish","4":"has-post-thumbnail","6":"product_cat-cava-fr","8":"first","9":"instock","10":"purchasable","11":"product-type-simple"},"aioseo_notices":[],"_links":{"self":[{"href":"https:\/\/alsinac.com\/fr\/wp-json\/wp\/v2\/product\/7859","targetHints":{"allow":["GET"]}}],"collection":[{"href":"https:\/\/alsinac.com\/fr\/wp-json\/wp\/v2\/product"}],"about":[{"href":"https:\/\/alsinac.com\/fr\/wp-json\/wp\/v2\/types\/product"}],"replies":[{"embeddable":true,"href":"https:\/\/alsinac.com\/fr\/wp-json\/wp\/v2\/comments?post=7859"}],"wp:featuredmedia":[{"embeddable":true,"href":"https:\/\/alsinac.com\/fr\/wp-json\/wp\/v2\/media\/16509"}],"wp:attachment":[{"href":"https:\/\/alsinac.com\/fr\/wp-json\/wp\/v2\/media?parent=7859"}],"wp:term":[{"taxonomy":"product_brand","embeddable":true,"href":"https:\/\/alsinac.com\/fr\/wp-json\/wp\/v2\/product_brand?post=7859"},{"taxonomy":"product_cat","embeddable":true,"href":"https:\/\/alsinac.com\/fr\/wp-json\/wp\/v2\/product_cat?post=7859"},{"taxonomy":"product_tag","embeddable":true,"href":"https:\/\/alsinac.com\/fr\/wp-json\/wp\/v2\/product_tag?post=7859"}],"curies":[{"name":"wp","href":"https:\/\/api.w.org\/{rel}","templated":true}]}}