{"id":9511,"date":"2018-09-19T15:12:34","date_gmt":"2018-09-19T14:12:34","guid":{"rendered":"https:\/\/alsinac.com\/?page_id=9511"},"modified":"2024-08-27T10:00:47","modified_gmt":"2024-08-27T08:00:47","slug":"caves-alsinac-3","status":"publish","type":"page","link":"https:\/\/alsinac.com\/fr\/caves-alsinac-3\/","title":{"rendered":"Caves Alsinac"},"content":{"rendered":"<div class=\"wpb-content-wrapper\">[vc_row][vc_column width=\u00a0\u00bb1\/2&Prime;][vc_column_text]\n<h2>Histoire<\/h2>\n[\/vc_column_text][vc_empty_space height=\u00a0\u00bb30px\u00a0\u00bb][vc_column_text]\n<p style=\"text-align: justify;\"><span style=\"font-weight: 400;\">Jos\u00e9 Benages a entam\u00e9 son parcours entrepreneurial au d\u00e9but des ann\u00e9es quatre-vingt, apr\u00e8s avoir exerc\u00e9 comme responsable de production au sein d\u2019importantes entreprises de commercialisation de vins et de cavas, en cr\u00e9ant la marque Alsinac. D\u00e8s lors, la marque a b\u00e9n\u00e9fici\u00e9 d\u2019une importante base de clients fid\u00e8les qui ont acquis r\u00e9guli\u00e8rement nos produits, aussi bien dans notre \u00e9tablissement de Vilafranca del Pened\u00e8s comme \u00e0 domicile.<\/span><\/p>\n<p style=\"text-align: justify;\"><span style=\"font-weight: 400;\">Pendant ce temps, son fils a\u00een\u00e9, Oscar Benages, a \u00e9t\u00e9 li\u00e9 \u00e0 l\u2019activit\u00e9, en travaillant dans la production depuis l\u2019adolescence, en collaborant dans l\u2019automatisation et le control de la qualit\u00e9 gr\u00e2ce \u00e0 ses \u00e9tudes en ing\u00e9nierie et, finalement, en assumant plus r\u00e9cemment des responsabilit\u00e9s accrues dans la gestion. <\/span><\/p>\n<p style=\"text-align: justify;\"><span style=\"font-weight: 400;\">Dans l\u2019esprit de proposer nos services \u00e0 un plus grand nombre de clients, il y a deux ans, nous avons initi\u00e9 notre pr\u00e9sence sur le web, permettant que notre produit entre dans les foyers de toute l\u2019Espagne. Finalement, la croissance de notre activit\u00e9 nous conforte \u00e0 l\u2019optimisme et \u00e0 continuer \u00e0 travailler dans la m\u00eame direction.<\/span><\/p>\n[\/vc_column_text][vc_empty_space][\/vc_column][vc_column width=\u00a0\u00bb1\/2&Prime;][vc_empty_space height=\u00a0\u00bb10px\u00a0\u00bb]<div  class=\"sc_image align\"><a href=\"https:\/\/alsinac.com\/wp-content\/uploads\/2015\/09\/Historia-Alsinac.jpg\" data-rel=\"lightbox-image-0\" data-magnific_type=\"image\" data-rl_title=\"\" data-rl_caption=\"\" title=\"\"><img decoding=\"async\"  src=\"https:\/\/alsinac.com\/wp-content\/uploads\/2015\/09\/Historia-Alsinac.jpg\" alt=\"Image\" \/><\/a><\/div>[\/vc_column][\/vc_row][vc_row][vc_column][vc_empty_space height=\u00a0\u00bb60px\u00a0\u00bb][\/vc_column][\/vc_row][vc_row][vc_column width=\u00a0\u00bb5\/12&Prime;][vc_empty_space height=\u00a0\u00bb0px\u00a0\u00bb]<div  class=\"sc_image align\"><a href=\"https:\/\/alsinac.com\/wp-content\/uploads\/2015\/09\/Tienda-Cava.jpg\" data-rel=\"lightbox-image-1\" data-magnific_type=\"image\" data-rl_title=\"\" data-rl_caption=\"\" title=\"\"><img decoding=\"async\"  src=\"https:\/\/alsinac.com\/wp-content\/uploads\/2015\/09\/Tienda-Cava.jpg\" alt=\"Image\" \/><\/a><\/div>[\/vc_column][vc_column width=\u00a0\u00bb7\/12&Prime;][vc_column_text]\n<h2>Philosophie<\/h2>\n[\/vc_column_text][vc_empty_space height=\u00a0\u00bb30px\u00a0\u00bb][vc_column_text]\n<p style=\"text-align: justify;\"><span style=\"font-weight: 400;\">La base de notre n\u00e9goce s\u2019appuie sur deux aspects:<\/span><\/p>\n<p style=\"text-align: justify;\"><span style=\"font-weight: 400;\">Nous souhaitons offrir des produits traditionnels qui conservent l\u2019essence et la naturalit\u00e9 de la terre. De ce faire, nos cavas se commercialisent comme Brut Nature, en minimisant en outre tout type d\u2019additif n\u2019\u00e9tant pas strictement n\u00e9cessaire pour pr\u00e9server la qualit\u00e9 du produit.<\/span><\/p>\n<p style=\"text-align: justify;\"><span style=\"font-weight: 400;\">Nous souhaitons qu\u2019un grand nombre de personnes puisse savourer nos produits. Plus important sera le nombre de nos clients, plus grande sera la r\u00e9alisation de notre travail. Ainsi, tous nos produits b\u00e9n\u00e9ficient d\u2019un excellent rapport qualit\u00e9-prix. <\/span><\/p>\n[\/vc_column_text][vc_empty_space][\/vc_column][\/vc_row][vc_row][vc_column][vc_empty_space height=\u00a0\u00bb80px\u00a0\u00bb][\/vc_column][\/vc_row]\n<\/div><span class=\"et_bloom_bottom_trigger\"><\/span>","protected":false},"excerpt":{"rendered":"[vc_row][vc_column width=\u00a0\u00bb1\/2&Prime;][vc_column_text] Histoire [\/vc_column_text][vc_empty_space height=\u00a0\u00bb30px\u00a0\u00bb][vc_column_text] Jos\u00e9 Benages a entam\u00e9 son parcours entrepreneurial au d\u00e9but des ann\u00e9es quatre-vingt, apr\u00e8s avoir exerc\u00e9 comme responsable de production au sein d\u2019importantes entreprises de commercialisation de vins et de cavas, en cr\u00e9ant la marque Alsinac. D\u00e8s lors, la marque a b\u00e9n\u00e9fici\u00e9 d\u2019une importante base de clients fid\u00e8les qui ont acquis [&hellip;]\n","protected":false},"author":2,"featured_media":0,"parent":0,"menu_order":0,"comment_status":"closed","ping_status":"closed","template":"","meta":{"om_disable_all_campaigns":false,"footnotes":""},"class_list":["post-9511","page","type-page","status-publish","hentry"],"aioseo_notices":[],"_links":{"self":[{"href":"https:\/\/alsinac.com\/fr\/wp-json\/wp\/v2\/pages\/9511","targetHints":{"allow":["GET"]}}],"collection":[{"href":"https:\/\/alsinac.com\/fr\/wp-json\/wp\/v2\/pages"}],"about":[{"href":"https:\/\/alsinac.com\/fr\/wp-json\/wp\/v2\/types\/page"}],"author":[{"embeddable":true,"href":"https:\/\/alsinac.com\/fr\/wp-json\/wp\/v2\/users\/2"}],"replies":[{"embeddable":true,"href":"https:\/\/alsinac.com\/fr\/wp-json\/wp\/v2\/comments?post=9511"}],"version-history":[{"count":1,"href":"https:\/\/alsinac.com\/fr\/wp-json\/wp\/v2\/pages\/9511\/revisions"}],"predecessor-version":[{"id":21857,"href":"https:\/\/alsinac.com\/fr\/wp-json\/wp\/v2\/pages\/9511\/revisions\/21857"}],"wp:attachment":[{"href":"https:\/\/alsinac.com\/fr\/wp-json\/wp\/v2\/media?parent=9511"}],"curies":[{"name":"wp","href":"https:\/\/api.w.org\/{rel}","templated":true}]}}