{"id":7863,"date":"2015-09-29T15:04:14","date_gmt":"2015-09-29T15:04:14","guid":{"rendered":"http:\/\/tienda.alsinac.com\/personnalisation\/"},"modified":"2020-02-20T12:37:26","modified_gmt":"2020-02-20T11:37:26","slug":"personnalisation-2-2","status":"publish","type":"page","link":"https:\/\/alsinac.com\/fr\/personnalisation-2-2\/","title":{"rendered":"Personnalisation"},"content":{"rendered":"<div class=\"wpb-content-wrapper\">[vc_row][vc_column][vc_column_text]\n<h2>Personnalisation de bouteilles<\/h2>\n[\/vc_column_text][\/vc_column][\/vc_row][vc_row][vc_column width=\u00a0\u00bb2\/3&Prime;][vc_empty_space][vc_column_text]\n<h5>Offrez \u00e0 vos clients un cava avec votre propre nom.<\/h5>\n[\/vc_column_text][vc_empty_space][vc_column_text]\n<p style=\"text-align: justify;\">L\u2019effort et la connaissance de la culture, aid\u00e9s par le climat tr\u00e8s favorable du PENED\u00c8S, participent aux meilleures des vignes et de leurs fruits : les raisins.<\/p>\n<p style=\"text-align: justify;\">De cette merveilleuse conjonction naissent nos exceptionnels cavas, fins et aromatiques, qui peuvent accompagner n\u2019importe quelle vari\u00e9t\u00e9 gastronomique.<\/p>\n<p style=\"text-align: justify;\">Nous souhaitons partager ces qualit\u00e9s avec vous et mettons \u00e0 votre disposition une gamme de cavas extraordinaire \u00e0 des prix tr\u00e8s raisonnables et ajust\u00e9s, prenant en compte le rigoureux contr\u00f4le et soin que nous apportons dans toutes les \u00e9tapes de leur \u00e9laboration.<\/p>\n<p style=\"text-align: justify;\">La qualit\u00e9 du produit renforcera votre image de marque et lui conf\u00e8rera un caract\u00e8re distingu\u00e9 et agr\u00e9able.<\/p>\n<p style=\"text-align: justify;\">Confiez-nous le desing de l\u2019\u00e9tiquette. Une fois que vous l\u2019aurez approuv\u00e9, nous vous livrerons le cava avec votre image, \u00e0 un prix tr\u00e8s comp\u00e9titif.<\/p>\n[\/vc_column_text][vc_empty_space][\/vc_column][vc_column width=\u00a0\u00bb1\/3&Prime;]<div  class=\"sc_image align\"><a href=\"https:\/\/alsinac.com\/wp-content\/uploads\/2015\/09\/Personalizar-botella-cava2-1240x1737.jpg\" data-rel=\"lightbox-image-0\" data-magnific_type=\"image\" data-rl_title=\"\" data-rl_caption=\"\" title=\"\"><img decoding=\"async\"  src=\"https:\/\/alsinac.com\/wp-content\/uploads\/2015\/09\/Personalizar-botella-cava2-1240x1737.jpg\" alt=\"Image\" \/><\/a><\/div>[\/vc_column][\/vc_row]\n<\/div><span class=\"et_bloom_bottom_trigger\"><\/span>","protected":false},"excerpt":{"rendered":"[vc_row][vc_column][vc_column_text] Personnalisation de bouteilles [\/vc_column_text][\/vc_column][\/vc_row][vc_row][vc_column width=\u00a0\u00bb2\/3&Prime;][vc_empty_space][vc_column_text] Offrez \u00e0 vos clients un cava avec votre propre nom. [\/vc_column_text][vc_empty_space][vc_column_text] L\u2019effort et la connaissance de la culture, aid\u00e9s par le climat tr\u00e8s favorable du PENED\u00c8S, participent aux meilleures des vignes et de leurs fruits : les raisins. De cette merveilleuse conjonction naissent nos exceptionnels cavas, fins et aromatiques, [&hellip;]\n","protected":false},"author":1,"featured_media":0,"parent":0,"menu_order":0,"comment_status":"closed","ping_status":"closed","template":"","meta":{"om_disable_all_campaigns":false,"footnotes":""},"class_list":["post-7863","page","type-page","status-publish","hentry"],"aioseo_notices":[],"_links":{"self":[{"href":"https:\/\/alsinac.com\/fr\/wp-json\/wp\/v2\/pages\/7863","targetHints":{"allow":["GET"]}}],"collection":[{"href":"https:\/\/alsinac.com\/fr\/wp-json\/wp\/v2\/pages"}],"about":[{"href":"https:\/\/alsinac.com\/fr\/wp-json\/wp\/v2\/types\/page"}],"author":[{"embeddable":true,"href":"https:\/\/alsinac.com\/fr\/wp-json\/wp\/v2\/users\/1"}],"replies":[{"embeddable":true,"href":"https:\/\/alsinac.com\/fr\/wp-json\/wp\/v2\/comments?post=7863"}],"version-history":[{"count":0,"href":"https:\/\/alsinac.com\/fr\/wp-json\/wp\/v2\/pages\/7863\/revisions"}],"wp:attachment":[{"href":"https:\/\/alsinac.com\/fr\/wp-json\/wp\/v2\/media?parent=7863"}],"curies":[{"name":"wp","href":"https:\/\/api.w.org\/{rel}","templated":true}]}}