{"id":7853,"date":"2015-09-27T09:59:31","date_gmt":"2015-09-27T09:59:31","guid":{"rendered":"http:\/\/tienda.alsinac.com\/nos-produits\/"},"modified":"2020-02-20T12:36:51","modified_gmt":"2020-02-20T11:36:51","slug":"nos-produits","status":"publish","type":"page","link":"https:\/\/alsinac.com\/fr\/nos-produits\/","title":{"rendered":"Nos produits"},"content":{"rendered":"<div class=\"wpb-content-wrapper\">[vc_row][vc_column][vc_column_text]\n<p style=\"text-align: justify;\">Tous nos produits sont \u00e9labor\u00e9s avec des raisins de l\u2019Appellation d\u2019Origine Pened\u00e8s, \u00e0 l\u2019exception du Grenache, qui provient de la Terra Alta, peu avant l&#8217;embouchure de l&rsquo;\u00c8bre.<\/p>\n<p style=\"text-align: justify;\">Par ailleurs, nous utilisons uniquement, comme point de d\u00e9part dans notre \u00e9laboration, du Mo\u00fbt Fleur, soit le r\u00e9sultat de la premi\u00e8re presse; ainsi, entre autres, nous \u00e9vitons que le vin utilis\u00e9 contienne de l\u2019alcool m\u00e9thylique, afin de pr\u00e9venir les cons\u00e9quences du populaire \u201cvin ou cava capiteux\u201d. Mis \u00e0 part cet effet connu, le fait d\u2019employer du Mo\u00fbt Fleur pr\u00e9sente aussi d\u2019autres avantages, tant par rapport \u00e0 ses qualit\u00e9s organoleptiques que pour la sant\u00e9 de notre organisme.<\/p>\n[\/vc_column_text][vc_empty_space][\/vc_column][\/vc_row][vc_row][vc_column][vc_text_separator title=\u00a0\u00bbD\u00e9gustation\u00a0\u00bb border_width=\u00a0\u00bb2&Prime;][vc_empty_space][vc_row_inner][vc_column_inner width=\u00a0\u00bb2\/3&Prime;][vc_column_text]\n<p style=\"text-align: justify;\">Dans les subtilit\u00e9s que peut pr\u00e9senter chaque produit (par exemple, il est souhaitable d\u2019associer les repas de viande avec du Cava R\u00e9serve), nous avons \u00e9labor\u00e9 nos produits avec l\u2019intention qu\u2019ils puissent accompagner l\u2019int\u00e9gralit\u00e9 de votre repas.<\/p>\n<p style=\"text-align: justify;\">C\u2019est ainsi que nous \u00e9vitons les sucres ajout\u00e9s ne faisant pas partie du propre proc\u00e9d\u00e9 de fermentation. Sans intention de comparer d\u2019autres vins ou liqueurs d\u2019autres appellations, nous sommes convaincus de pouvoir vous procurer de grandes sensations et exp\u00e9riences tant lors de vos c\u00e9l\u00e9brations comme au quotidien.<\/p>\n<p style=\"text-align: justify;\">Dans ce sens, nous invitons les non-initi\u00e9s \u00e0 d\u00e9guster nos cavas pour l\u2019entr\u00e9e ou le plat principal; vous serez, surement, agr\u00e9ablement surpris et le r\u00e9p\u00e9terez dans le futur.<\/p>\n[\/vc_column_text][\/vc_column_inner][vc_column_inner width=\u00a0\u00bb1\/3&Prime;]<div  class=\"sc_image align\"><a href=\"https:\/\/alsinac.com\/wp-content\/uploads\/2015\/10\/foto-cava-rosado.jpg\" data-rel=\"lightbox-image-0\" data-magnific_type=\"image\" data-rl_title=\"\" data-rl_caption=\"\" title=\"\"><img decoding=\"async\"  src=\"https:\/\/alsinac.com\/wp-content\/uploads\/2015\/10\/foto-cava-rosado.jpg\" alt=\"Image\" \/><\/a><\/div>[\/vc_column_inner][\/vc_row_inner][vc_empty_space][\/vc_column][\/vc_row][vc_row][vc_column][vc_text_separator title=\u00a0\u00bbRecommandations\u00a0\u00bb border_width=\u00a0\u00bb2&Prime;][vc_empty_space][vc_row_inner][vc_column_inner width=\u00a0\u00bb1\/2&Prime;][vc_column_text]\n<p style=\"text-align: justify;\">M\u00eame si c\u2019est notre souhait que vous puissiez profiter de nos cavas et de nos vins tout au long de l\u2019ann\u00e9e, il est clair que les p\u00e9riodes de grandes c\u00e9l\u00e9brations (No\u00ebl, f\u00eates\u2026) augmentent leur consommation de fa\u00e7on consid\u00e9rable. De ce fait, nous vous recommandons vivement de passer vos commandes pour ces p\u00e9riodes le plus t\u00f4t possible.<\/p>\n<p style=\"text-align: justify;\">Si \u00e0 l\u2019occasion vous avez besoin d\u2019un cava avec des sucres ajout\u00e9s (Brut, Demi-sec\u2026), nous pouvons aussi vous le fournir. Dans ce cas, \u00e9tant donn\u00e9 qu\u2019il s\u2019agit de commandes non habituelles, nous vous prions de bien vouloir nous contacter pour pouvoir d\u00e9terminer le prix et le d\u00e9lai de livraison.<\/p>\n<p style=\"text-align: justify;\">Compte tenu de notre effort pour faire profiter nos \u00e9laborations au plus grand nombre, nos prix ne seront jamais un obstacle pour commander certains de nos cavas ou de nos vins de table.<\/p>\n[\/vc_column_text][\/vc_column_inner][vc_column_inner width=\u00a0\u00bb1\/2&Prime;][vc_column_text]\n<p style=\"text-align: justify;\">Comme recommandations pratiques, il est important d\u2019avoir \u00e0 l\u2019esprit que, sauf pour le vin rouge d\u2019\u00e9levage, les cavas et le reste des vins ne se bonifieront pas avec le temps.<\/p>\n<p style=\"text-align: justify;\">Restant consommables, leurs qualit\u00e9s commenceront \u00e0 se d\u00e9grader \u00e0 partir d\u2019un an; c\u2019est pour cela que sa consommation est souhaitable avant ce d\u00e9lai.<\/p>\n<p style=\"text-align: justify;\">Pour sa conservation, le plus important \u00e0 prendre en compte est de le maintenir dans un endroit sans de trop fortes oscillations de temp\u00e9rature.<\/p>\n[\/vc_column_text][\/vc_column_inner][\/vc_row_inner][\/vc_column][\/vc_row][vc_row][vc_column][vc_empty_space][\/vc_column][\/vc_row]\n<\/div><span class=\"et_bloom_bottom_trigger\"><\/span>","protected":false},"excerpt":{"rendered":"[vc_row][vc_column][vc_column_text] Tous nos produits sont \u00e9labor\u00e9s avec des raisins de l\u2019Appellation d\u2019Origine Pened\u00e8s, \u00e0 l\u2019exception du Grenache, qui provient de la Terra Alta, peu avant l&#8217;embouchure de l&rsquo;\u00c8bre. Par ailleurs, nous utilisons uniquement, comme point de d\u00e9part dans notre \u00e9laboration, du Mo\u00fbt Fleur, soit le r\u00e9sultat de la premi\u00e8re presse; ainsi, entre autres, nous \u00e9vitons [&hellip;]\n","protected":false},"author":1,"featured_media":0,"parent":0,"menu_order":0,"comment_status":"closed","ping_status":"open","template":"","meta":{"om_disable_all_campaigns":false,"footnotes":""},"class_list":["post-7853","page","type-page","status-publish","hentry"],"aioseo_notices":[],"_links":{"self":[{"href":"https:\/\/alsinac.com\/fr\/wp-json\/wp\/v2\/pages\/7853","targetHints":{"allow":["GET"]}}],"collection":[{"href":"https:\/\/alsinac.com\/fr\/wp-json\/wp\/v2\/pages"}],"about":[{"href":"https:\/\/alsinac.com\/fr\/wp-json\/wp\/v2\/types\/page"}],"author":[{"embeddable":true,"href":"https:\/\/alsinac.com\/fr\/wp-json\/wp\/v2\/users\/1"}],"replies":[{"embeddable":true,"href":"https:\/\/alsinac.com\/fr\/wp-json\/wp\/v2\/comments?post=7853"}],"version-history":[{"count":0,"href":"https:\/\/alsinac.com\/fr\/wp-json\/wp\/v2\/pages\/7853\/revisions"}],"wp:attachment":[{"href":"https:\/\/alsinac.com\/fr\/wp-json\/wp\/v2\/media?parent=7853"}],"curies":[{"name":"wp","href":"https:\/\/api.w.org\/{rel}","templated":true}]}}