{"id":7834,"date":"2014-10-21T15:08:18","date_gmt":"2014-10-21T14:08:18","guid":{"rendered":"http:\/\/tienda.alsinac.com\/cave\/"},"modified":"2020-02-22T11:14:25","modified_gmt":"2020-02-22T10:14:25","slug":"shop-2","status":"publish","type":"page","link":"https:\/\/alsinac.com\/fr\/shop-2\/","title":{"rendered":"Cave"},"content":{"rendered":"<div class=\"wpb-content-wrapper\">[vc_row][vc_column][vc_column_text]Pour des commandes de plus de quatre caisses, laissez-nous vos coordonn\u00e9es afin d\u2019ajuster les frais d\u2019envoi.[\/vc_column_text][\/vc_column][\/vc_row][vc_row][vc_column][vc_empty_space][vc_column_text]\n<h2>Nos Cavas<\/h2>\n[\/vc_column_text][vc_empty_space]<div class=\"woocommerce columns-4 \"><ul class=\"products columns-4\">\n<li class=\"product type-product post-7859 status-publish first instock product_cat-cava-fr has-post-thumbnail purchasable product-type-simple\">\n\t<a href=\"https:\/\/alsinac.com\/fr\/bodega\/caja-cava-brut-nature-reserva-6-botellas-envio-no-incluido\/\" class=\"woocommerce-LoopProduct-link woocommerce-loop-product__link\"><img loading=\"lazy\" decoding=\"async\" width=\"300\" height=\"300\" src=\"https:\/\/alsinac.com\/wp-content\/uploads\/2015\/09\/reserva-300x300.png\" class=\"attachment-woocommerce_thumbnail size-woocommerce_thumbnail\" alt=\"Reserva Alsinac - Cava Rosado Alsinac\" srcset=\"https:\/\/alsinac.com\/wp-content\/uploads\/2015\/09\/reserva-300x300.png 300w, https:\/\/alsinac.com\/wp-content\/uploads\/2015\/09\/reserva-287x287.png 287w, https:\/\/alsinac.com\/wp-content\/uploads\/2015\/09\/reserva-100x100.png 100w\" sizes=\"auto, (max-width: 300px) 100vw, 300px\" \/><h2 class=\"woocommerce-loop-product__title\">Bo\u00eete Cava Brut Nature Reserva (6 bouteilles, livraison non incluse)<\/h2><div class=\"star-rating\" role=\"img\" aria-label=\"Note 4.93 sur 5\"><span style=\"width:98.6%\">Note <strong class=\"rating\">4.93<\/strong> sur 5<\/span><\/div>\n\t<span class=\"price\"><span class=\"woocommerce-Price-amount amount\"><bdi>36,82<span class=\"woocommerce-Price-currencySymbol\">&euro;<\/span><\/bdi><\/span><\/span>\n<\/a><a href=\"\/fr\/wp-json\/wp\/v2\/pages\/7834?add-to-cart=7859\" aria-describedby=\"woocommerce_loop_add_to_cart_link_describedby_7859\" data-quantity=\"1\" class=\"button product_type_simple add_to_cart_button ajax_add_to_cart\" data-product_id=\"7859\" data-product_sku=\"AReC6\" aria-label=\"Ajouter au panier\u00a0: &ldquo;Bo\u00eete Cava Brut Nature Reserva (6 bouteilles, livraison non incluse)&rdquo;\" rel=\"nofollow\" data-success_message=\"\u00ab\u00a0Bo\u00eete Cava Brut Nature Reserva (6 bouteilles, livraison non incluse)\u00a0\u00bb a \u00e9t\u00e9 ajout\u00e9 \u00e0 votre panier\" role=\"button\">Ajouter au panier<\/a>\t<span id=\"woocommerce_loop_add_to_cart_link_describedby_7859\" class=\"screen-reader-text\">\n\t\t\t<\/span>\n<\/li>\n<li class=\"product type-product post-7845 status-publish instock product_cat-cava-fr has-post-thumbnail purchasable product-type-simple\">\n\t<a href=\"https:\/\/alsinac.com\/fr\/bodega\/caja-cava-brut-nature-vintage-6-botellas-envio-no-incluido\/\" class=\"woocommerce-LoopProduct-link woocommerce-loop-product__link\"><img loading=\"lazy\" decoding=\"async\" width=\"300\" height=\"300\" src=\"https:\/\/alsinac.com\/wp-content\/uploads\/2018\/02\/Cava-Brut-Nature-Vintage-300x300.png\" class=\"attachment-woocommerce_thumbnail size-woocommerce_thumbnail\" alt=\"Bo\u00eete Cava Brut Nature Vintage (6 bouteilles, livraison non incluse)\" srcset=\"https:\/\/alsinac.com\/wp-content\/uploads\/2018\/02\/Cava-Brut-Nature-Vintage-300x300.png 300w, https:\/\/alsinac.com\/wp-content\/uploads\/2018\/02\/Cava-Brut-Nature-Vintage-287x287.png 287w, https:\/\/alsinac.com\/wp-content\/uploads\/2018\/02\/Cava-Brut-Nature-Vintage-100x100.png 100w\" sizes=\"auto, (max-width: 300px) 100vw, 300px\" \/><h2 class=\"woocommerce-loop-product__title\">Bo\u00eete Cava Brut Nature Vintage (6 bouteilles, livraison non incluse)<\/h2><div class=\"star-rating\" role=\"img\" aria-label=\"Note 5.00 sur 5\"><span style=\"width:100%\">Note <strong class=\"rating\">5.00<\/strong> sur 5<\/span><\/div>\n\t<span class=\"price\"><span class=\"woocommerce-Price-amount amount\"><bdi>26,90<span class=\"woocommerce-Price-currencySymbol\">&euro;<\/span><\/bdi><\/span><\/span>\n<\/a><a href=\"\/fr\/wp-json\/wp\/v2\/pages\/7834?add-to-cart=7845\" aria-describedby=\"woocommerce_loop_add_to_cart_link_describedby_7845\" data-quantity=\"1\" class=\"button product_type_simple add_to_cart_button ajax_add_to_cart\" data-product_id=\"7845\" data-product_sku=\"AViC6\" aria-label=\"Ajouter au panier\u00a0: &ldquo;Bo\u00eete Cava Brut Nature Vintage (6 bouteilles, livraison non incluse)&rdquo;\" rel=\"nofollow\" data-success_message=\"\u00ab\u00a0Bo\u00eete Cava Brut Nature Vintage (6 bouteilles, livraison non incluse)\u00a0\u00bb a \u00e9t\u00e9 ajout\u00e9 \u00e0 votre panier\" role=\"button\">Ajouter au panier<\/a>\t<span id=\"woocommerce_loop_add_to_cart_link_describedby_7845\" class=\"screen-reader-text\">\n\t\t\t<\/span>\n<\/li>\n<li class=\"product type-product post-7856 status-publish instock product_cat-cava-fr has-post-thumbnail purchasable product-type-simple\">\n\t<a href=\"https:\/\/alsinac.com\/fr\/bodega\/caja-cava-brut-rosado-alsinac-6-botellas-envio-no-incluido\/\" class=\"woocommerce-LoopProduct-link woocommerce-loop-product__link\"><img loading=\"lazy\" decoding=\"async\" width=\"300\" height=\"300\" src=\"https:\/\/alsinac.com\/wp-content\/uploads\/2015\/09\/rosado-300x300.png\" class=\"attachment-woocommerce_thumbnail size-woocommerce_thumbnail\" alt=\"Reserva Alsinac - Cava Rosado Alsinac 6 botellas\" srcset=\"https:\/\/alsinac.com\/wp-content\/uploads\/2015\/09\/rosado-300x300.png 300w, https:\/\/alsinac.com\/wp-content\/uploads\/2015\/09\/rosado-287x287.png 287w, https:\/\/alsinac.com\/wp-content\/uploads\/2015\/09\/rosado-100x100.png 100w\" sizes=\"auto, (max-width: 300px) 100vw, 300px\" \/><h2 class=\"woocommerce-loop-product__title\">Bo\u00eete Cava Brut Rosado Alsinac (6 bouteilles, livraison non incluse)<\/h2><div class=\"star-rating\" role=\"img\" aria-label=\"Note 5.00 sur 5\"><span style=\"width:100%\">Note <strong class=\"rating\">5.00<\/strong> sur 5<\/span><\/div>\n\t<span class=\"price\"><span class=\"woocommerce-Price-amount amount\"><bdi>29,54<span class=\"woocommerce-Price-currencySymbol\">&euro;<\/span><\/bdi><\/span><\/span>\n<\/a><a href=\"\/fr\/wp-json\/wp\/v2\/pages\/7834?add-to-cart=7856\" aria-describedby=\"woocommerce_loop_add_to_cart_link_describedby_7856\" data-quantity=\"1\" class=\"button product_type_simple add_to_cart_button ajax_add_to_cart\" data-product_id=\"7856\" data-product_sku=\"ARoC6\" aria-label=\"Ajouter au panier\u00a0: &ldquo;Bo\u00eete Cava Brut Rosado Alsinac (6 bouteilles, livraison non incluse)&rdquo;\" rel=\"nofollow\" data-success_message=\"\u00ab\u00a0Bo\u00eete Cava Brut Rosado Alsinac (6 bouteilles, livraison non incluse)\u00a0\u00bb a \u00e9t\u00e9 ajout\u00e9 \u00e0 votre panier\" role=\"button\">Ajouter au panier<\/a>\t<span id=\"woocommerce_loop_add_to_cart_link_describedby_7856\" class=\"screen-reader-text\">\n\t\t\t<\/span>\n<\/li>\n<\/ul>\n<\/div>[vc_empty_space][\/vc_column][\/vc_row]\n<\/div><span class=\"et_bloom_bottom_trigger\"><\/span>","protected":false},"excerpt":{"rendered":"[vc_row][vc_column][vc_column_text]Pour des commandes de plus de quatre caisses, laissez-nous vos coordonn\u00e9es afin d\u2019ajuster les frais d\u2019envoi.[\/vc_column_text][\/vc_column][\/vc_row][vc_row][vc_column][vc_empty_space][vc_column_text] Nos Cavas [\/vc_column_text][vc_empty_space][vc_empty_space][\/vc_column][\/vc_row]\n","protected":false},"author":1,"featured_media":0,"parent":0,"menu_order":0,"comment_status":"closed","ping_status":"closed","template":"","meta":{"om_disable_all_campaigns":false,"footnotes":""},"class_list":["post-7834","page","type-page","status-publish","hentry"],"aioseo_notices":[],"_links":{"self":[{"href":"https:\/\/alsinac.com\/fr\/wp-json\/wp\/v2\/pages\/7834","targetHints":{"allow":["GET"]}}],"collection":[{"href":"https:\/\/alsinac.com\/fr\/wp-json\/wp\/v2\/pages"}],"about":[{"href":"https:\/\/alsinac.com\/fr\/wp-json\/wp\/v2\/types\/page"}],"author":[{"embeddable":true,"href":"https:\/\/alsinac.com\/fr\/wp-json\/wp\/v2\/users\/1"}],"replies":[{"embeddable":true,"href":"https:\/\/alsinac.com\/fr\/wp-json\/wp\/v2\/comments?post=7834"}],"version-history":[{"count":0,"href":"https:\/\/alsinac.com\/fr\/wp-json\/wp\/v2\/pages\/7834\/revisions"}],"wp:attachment":[{"href":"https:\/\/alsinac.com\/fr\/wp-json\/wp\/v2\/media?parent=7834"}],"curies":[{"name":"wp","href":"https:\/\/api.w.org\/{rel}","templated":true}]}}