{"id":7830,"date":"2014-09-01T14:52:13","date_gmt":"2014-09-01T14:52:13","guid":{"rendered":"http:\/\/tienda.alsinac.com\/contact\/"},"modified":"2025-06-17T17:28:08","modified_gmt":"2025-06-17T15:28:08","slug":"contact","status":"publish","type":"page","link":"https:\/\/alsinac.com\/fr\/contact\/","title":{"rendered":"Contact fran\u00e7ais"},"content":{"rendered":"<div class=\"wpb-content-wrapper\">[vc_row css=\u00a0\u00bb.vc_custom_1523528521190{background-color: #7a5f17 !important;}\u00a0\u00bb][vc_column css=\u00a0\u00bb.vc_custom_1643126010890{margin-top: 0% !important;margin-bottom: 1.5% !important;}\u00a0\u00bb offset=\u00a0\u00bbvc_hidden-sm vc_hidden-xs\u00a0\u00bb]<h4 class=\"sc_title  sc_title_center\" style=\"font-weight:700;color:#ffffff;\">Contact Commercial<\/h4>[\/vc_column][\/vc_row][vc_row css=\u00a0\u00bb.vc_custom_1523869793194{margin-top: 0px !important;margin-right: 10% !important;margin-left: 10% !important;}\u00a0\u00bb][vc_column width=\u00a0\u00bb1\/4&Prime; css=\u00a0\u00bb.vc_custom_1643126018361{margin-top: 0px !important;}\u00a0\u00bb offset=\u00a0\u00bbvc_hidden-sm vc_hidden-xs\u00a0\u00bb][vc_column_text css=\u00a0\u00bb\u00a0\u00bb]\n<h5 class=\"sc_title sc_title_left\" style=\"margin-bottom: 20px;\">Coordonn\u00e9es<\/h5>\n<h5 class=\"sc_contact_info_lable\" style=\"color: #7a5f17;\">Adresse:<\/h5>\n<p><strong>Cavas Alsinac<\/strong><br \/>\nc \/ Nord, 24-26<br \/>\n08720 Vilafranca del Pened\u00e9s<br \/>\nBarcelona (Espa\u00f1a)<\/p>\n<h5 class=\"sc_contact_info_lable\" style=\"color: #7a5f17; margin-top: 20px;\">T\u00e9l\u00e9phone:<\/h5>\n<p>+34 930 24 73 69<\/p>\n<h5 class=\"sc_contact_info_lable\" style=\"color: #7a5f17; margin-top: 20px;\">Site Web:<\/h5>\n<p><a href=\"https:\/\/alsinac.com\/fr\/\">https:\/\/alsinac.com\/<\/a><\/p>\n<h5 class=\"sc_contact_info_lable\" style=\"color: #7a5f17; margin-top: 20px;\">Email:<\/h5>\n<p>cava-alsinac@alsinac.com[\/vc_column_text][\/vc_column][vc_column width=\u00a0\u00bb1\/2&Prime; css=\u00a0\u00bb.vc_custom_1643126034111{margin-top: 0px !important;}\u00a0\u00bb offset=\u00a0\u00bbvc_hidden-sm vc_hidden-xs\u00a0\u00bb][vc_column_text]\n<h5 class=\"sc_title sc_title_left\" style=\"margin-bottom: 20px;\">Laissez nous votre message<\/h5>\n[\/vc_column_text]\n<div class=\"wpcf7 no-js\" id=\"wpcf7-f5422-o1\" lang=\"es-ES\" dir=\"ltr\" data-wpcf7-id=\"5422\">\n<div class=\"screen-reader-response\"><p role=\"status\" aria-live=\"polite\" aria-atomic=\"true\"><\/p> <ul><\/ul><\/div>\n<form action=\"\/fr\/wp-json\/wp\/v2\/pages\/7830#wpcf7-f5422-o1\" method=\"post\" class=\"wpcf7-form init cf7skins cf7s-wild-west\" aria-label=\"Formulario de contacto\" novalidate=\"novalidate\" data-status=\"init\">\n<fieldset class=\"hidden-fields-container\"><input type=\"hidden\" name=\"_wpcf7\" value=\"5422\" \/><input type=\"hidden\" name=\"_wpcf7_version\" value=\"6.1.5\" \/><input type=\"hidden\" name=\"_wpcf7_locale\" value=\"es_ES\" \/><input type=\"hidden\" name=\"_wpcf7_unit_tag\" value=\"wpcf7-f5422-o1\" \/><input type=\"hidden\" name=\"_wpcf7_container_post\" value=\"0\" \/><input type=\"hidden\" name=\"_wpcf7_posted_data_hash\" value=\"\" \/>\n<\/fieldset>\n<span class=\"wpcf7-form-control-wrap\" data-name=\"your-name\"><input size=\"40\" maxlength=\"400\" class=\"wpcf7-form-control wpcf7-text wpcf7-validates-as-required form-fluid form-xl\" aria-required=\"true\" aria-invalid=\"false\" placeholder=\"Nom*\" value=\"\" type=\"text\" name=\"your-name\" \/><\/span>\n\n<span class=\"wpcf7-form-control-wrap\" data-name=\"your-email\"><input size=\"40\" maxlength=\"400\" class=\"wpcf7-form-control wpcf7-email wpcf7-validates-as-required wpcf7-text wpcf7-validates-as-email form-fluid form-xl\" aria-required=\"true\" aria-invalid=\"false\" placeholder=\"Email*\" value=\"\" type=\"email\" name=\"your-email\" \/><\/span>\n\n<span class=\"wpcf7-form-control-wrap\" data-name=\"tel-826\"><input size=\"40\" maxlength=\"400\" class=\"wpcf7-form-control wpcf7-tel wpcf7-validates-as-required wpcf7-text wpcf7-validates-as-tel form-fluid form-xl\" aria-required=\"true\" aria-invalid=\"false\" placeholder=\"T\u00e9l\u00e9phone*\" value=\"\" type=\"tel\" name=\"tel-826\" \/><\/span>\n\n<span class=\"wpcf7-form-control-wrap\" data-name=\"your-message\"><textarea cols=\"40\" rows=\"10\" maxlength=\"2000\" class=\"wpcf7-form-control wpcf7-textarea form-fluid form-xl\" aria-invalid=\"false\" placeholder=\"Message\" name=\"your-message\"><\/textarea><\/span>\n\n<input class=\"wpcf7-form-control wpcf7-submit has-spinner\" type=\"submit\" value=\"Envoyer\" \/>\n\n<span class=\"wpcf7-form-control-wrap\" data-name=\"acceptance-410\"><span class=\"wpcf7-form-control wpcf7-acceptance\"><span class=\"wpcf7-list-item\"><input type=\"checkbox\" name=\"acceptance-410\" value=\"1\" checked=\"checked\" aria-invalid=\"false\" \/><\/span><\/span><\/span> Accepter la <a href=\"\/fr\/mentions-legales\/\">politique de confidentialit\u00e9<\/a><div class=\"wpcf7-response-output\" aria-hidden=\"true\"><\/div>\n<\/form>\n<\/div>\n[\/vc_column][vc_column width=\u00a0\u00bb1\/4&Prime; offset=\u00a0\u00bbvc_hidden-sm vc_hidden-xs\u00a0\u00bb][vc_column_text]\n<h5 class=\"sc_title sc_title_left\" style=\"margin-bottom: 20px;\">Contact Commercial<\/h5>\n[\/vc_column_text][vc_column_text]<iframe loading=\"lazy\" style=\"border: 0;\" src=\"https:\/\/www.google.com\/maps\/embed?pb=!1m18!1m12!1m3!1d2995.0655892113978!2d1.6998691154246341!3d41.350928079267526!2m3!1f0!2f0!3f0!3m2!1i1024!2i768!4f13.1!3m3!1m2!1s0x12a47a271d0190f9%3A0x4801bb28e5f7c52a!2sCavas+Alsinac+-+Vilafranca+del+Pened%C3%A9s!5e0!3m2!1ses!2ses!4v1537343130790\" width=\"350\" height=\"500\" frameborder=\"0\" allowfullscreen=\"allowfullscreen\"><\/iframe>[\/vc_column_text][\/vc_column][\/vc_row][vc_row full_width=\u00a0\u00bbstretch_row_content_no_spaces\u00a0\u00bb css=\u00a0\u00bb.vc_custom_1643126057249{background-color: #7a5f17 !important;}\u00a0\u00bb][vc_column css=\u00a0\u00bb.vc_custom_1643127111973{margin-top: 2.5% !important;margin-bottom: 1.5% !important;}\u00a0\u00bb offset=\u00a0\u00bbvc_hidden-lg vc_hidden-md\u00a0\u00bb]<h4 class=\"sc_title  sc_title_center\" style=\"font-weight:700;color:#ffffff;\">Contact Commercial<\/h4>[\/vc_column][\/vc_row][vc_row css=\u00a0\u00bb.vc_custom_1643126183421{margin-top: 0px !important;}\u00a0\u00bb][vc_column width=\u00a0\u00bb1\/4&Prime; css=\u00a0\u00bb.vc_custom_1643126073236{margin-top: 0px !important;}\u00a0\u00bb offset=\u00a0\u00bbvc_hidden-lg vc_hidden-md\u00a0\u00bb][vc_column_text]\n<h5 class=\"sc_title sc_title_left\" style=\"margin-bottom: 20px;\">Coordonn\u00e9es<\/h5>\n<h5 class=\"sc_contact_info_lable\" style=\"color: #7a5f17;\">Direcci\u00f3n:<\/h5>\n<p><strong>Adresse:<\/strong><br \/>\nc \/ Nord, 24-26<br \/>\n08720 Vilafranca del Pened\u00e9s<br \/>\nBarcelona (Espa\u00f1a)<\/p>\n<h5 class=\"sc_contact_info_lable\" style=\"color: #7a5f17;\">T\u00e9l\u00e9phone:<\/h5>\n<p>+34 930 24 73 69<\/p>\n<h5 class=\"sc_contact_info_lable\" style=\"color: #7a5f17;\">Site Web:<\/h5>\n<p><a href=\"https:\/\/alsinac.com\/fr\/\">https:\/\/alsinac.com\/<\/a><\/p>\n<h5 class=\"sc_contact_info_lable\" style=\"color: #7a5f17;\">Email:<\/h5>\n<p>cava-alsinac@alsinac.com[\/vc_column_text][\/vc_column][vc_column width=\u00a0\u00bb1\/2&Prime; css=\u00a0\u00bb.vc_custom_1643126078863{margin-top: 0px !important;}\u00a0\u00bb offset=\u00a0\u00bbvc_hidden-lg vc_hidden-md\u00a0\u00bb][vc_column_text]\n<h5 class=\"sc_title sc_title_left\" style=\"margin-bottom: 20px;\">Laissez nous votre message<\/h5>\n[\/vc_column_text]\n<div class=\"wpcf7 no-js\" id=\"wpcf7-f5422-o2\" lang=\"es-ES\" dir=\"ltr\" data-wpcf7-id=\"5422\">\n<div class=\"screen-reader-response\"><p role=\"status\" aria-live=\"polite\" aria-atomic=\"true\"><\/p> <ul><\/ul><\/div>\n<form action=\"\/fr\/wp-json\/wp\/v2\/pages\/7830#wpcf7-f5422-o2\" method=\"post\" class=\"wpcf7-form init cf7skins cf7s-wild-west\" aria-label=\"Formulario de contacto\" novalidate=\"novalidate\" data-status=\"init\">\n<fieldset class=\"hidden-fields-container\"><input type=\"hidden\" name=\"_wpcf7\" value=\"5422\" \/><input type=\"hidden\" name=\"_wpcf7_version\" value=\"6.1.5\" \/><input type=\"hidden\" name=\"_wpcf7_locale\" value=\"es_ES\" \/><input type=\"hidden\" name=\"_wpcf7_unit_tag\" value=\"wpcf7-f5422-o2\" \/><input type=\"hidden\" name=\"_wpcf7_container_post\" value=\"0\" \/><input type=\"hidden\" name=\"_wpcf7_posted_data_hash\" value=\"\" \/>\n<\/fieldset>\n<span class=\"wpcf7-form-control-wrap\" data-name=\"your-name\"><input size=\"40\" maxlength=\"400\" class=\"wpcf7-form-control wpcf7-text wpcf7-validates-as-required form-fluid form-xl\" aria-required=\"true\" aria-invalid=\"false\" placeholder=\"Nom*\" value=\"\" type=\"text\" name=\"your-name\" \/><\/span>\n\n<span class=\"wpcf7-form-control-wrap\" data-name=\"your-email\"><input size=\"40\" maxlength=\"400\" class=\"wpcf7-form-control wpcf7-email wpcf7-validates-as-required wpcf7-text wpcf7-validates-as-email form-fluid form-xl\" aria-required=\"true\" aria-invalid=\"false\" placeholder=\"Email*\" value=\"\" type=\"email\" name=\"your-email\" \/><\/span>\n\n<span class=\"wpcf7-form-control-wrap\" data-name=\"tel-826\"><input size=\"40\" maxlength=\"400\" class=\"wpcf7-form-control wpcf7-tel wpcf7-validates-as-required wpcf7-text wpcf7-validates-as-tel form-fluid form-xl\" aria-required=\"true\" aria-invalid=\"false\" placeholder=\"T\u00e9l\u00e9phone*\" value=\"\" type=\"tel\" name=\"tel-826\" \/><\/span>\n\n<span class=\"wpcf7-form-control-wrap\" data-name=\"your-message\"><textarea cols=\"40\" rows=\"10\" maxlength=\"2000\" class=\"wpcf7-form-control wpcf7-textarea form-fluid form-xl\" aria-invalid=\"false\" placeholder=\"Message\" name=\"your-message\"><\/textarea><\/span>\n\n<input class=\"wpcf7-form-control wpcf7-submit has-spinner\" type=\"submit\" value=\"Envoyer\" \/>\n\n<span class=\"wpcf7-form-control-wrap\" data-name=\"acceptance-410\"><span class=\"wpcf7-form-control wpcf7-acceptance\"><span class=\"wpcf7-list-item\"><input type=\"checkbox\" name=\"acceptance-410\" value=\"1\" checked=\"checked\" aria-invalid=\"false\" \/><\/span><\/span><\/span> Accepter la <a href=\"\/fr\/mentions-legales\/\">politique de confidentialit\u00e9<\/a><div class=\"wpcf7-response-output\" aria-hidden=\"true\"><\/div>\n<\/form>\n<\/div>\n[\/vc_column][vc_column width=\u00a0\u00bb1\/4&Prime; offset=\u00a0\u00bbvc_hidden-lg vc_hidden-md\u00a0\u00bb][vc_column_text]\n<h5 class=\"sc_title sc_title_left\" style=\"margin-bottom: 20px;\">Contact Commercial<\/h5>\n[\/vc_column_text][vc_column_text]<iframe loading=\"lazy\" style=\"border: 0;\" src=\"https:\/\/www.google.com\/maps\/embed?pb=!1m18!1m12!1m3!1d2995.0655892113978!2d1.6998691154246341!3d41.350928079267526!2m3!1f0!2f0!3f0!3m2!1i1024!2i768!4f13.1!3m3!1m2!1s0x12a47a271d0190f9%3A0x4801bb28e5f7c52a!2sCavas+Alsinac+-+Vilafranca+del+Pened%C3%A9s!5e0!3m2!1ses!2ses!4v1537343130790\" width=\"350\" height=\"500\" frameborder=\"0\" allowfullscreen=\"allowfullscreen\"><\/iframe>[\/vc_column_text][\/vc_column][\/vc_row][vc_row css=\u00a0\u00bb.vc_custom_1523529277542{margin-top: 25px !important;}\u00a0\u00bb][vc_column][vc_empty_space height=\u00a0\u00bb50px\u00a0\u00bb][\/vc_column][\/vc_row]\n<\/div><span class=\"et_bloom_bottom_trigger\"><\/span>","protected":false},"excerpt":{"rendered":"[vc_row css=\u00a0\u00bb.vc_custom_1523528521190{background-color: #7a5f17 !important;}\u00a0\u00bb][vc_column css=\u00a0\u00bb.vc_custom_1643126010890{margin-top: 0% !important;margin-bottom: 1.5% !important;}\u00a0\u00bb offset=\u00a0\u00bbvc_hidden-sm vc_hidden-xs\u00a0\u00bb][\/vc_column][\/vc_row][vc_row css=\u00a0\u00bb.vc_custom_1523869793194{margin-top: 0px !important;margin-right: 10% !important;margin-left: 10% !important;}\u00a0\u00bb][vc_column width=\u00a0\u00bb1\/4&Prime; css=\u00a0\u00bb.vc_custom_1643126018361{margin-top: 0px !important;}\u00a0\u00bb offset=\u00a0\u00bbvc_hidden-sm vc_hidden-xs\u00a0\u00bb][vc_column_text css=\u00a0\u00bb\u00a0\u00bb] Coordonn\u00e9es Adresse: Cavas Alsinac c \/ Nord, 24-26 08720 Vilafranca del Pened\u00e9s Barcelona (Espa\u00f1a) T\u00e9l\u00e9phone: +34 930 24 73 69 Site Web: https:\/\/alsinac.com\/ Email: cava-alsinac@alsinac.com[\/vc_column_text][\/vc_column][vc_column width=\u00a0\u00bb1\/2&Prime; css=\u00a0\u00bb.vc_custom_1643126034111{margin-top: 0px !important;}\u00a0\u00bb offset=\u00a0\u00bbvc_hidden-sm [&hellip;]\n","protected":false},"author":1,"featured_media":0,"parent":0,"menu_order":0,"comment_status":"closed","ping_status":"open","template":"","meta":{"om_disable_all_campaigns":false,"footnotes":""},"class_list":["post-7830","page","type-page","status-publish","hentry"],"aioseo_notices":[],"_links":{"self":[{"href":"https:\/\/alsinac.com\/fr\/wp-json\/wp\/v2\/pages\/7830","targetHints":{"allow":["GET"]}}],"collection":[{"href":"https:\/\/alsinac.com\/fr\/wp-json\/wp\/v2\/pages"}],"about":[{"href":"https:\/\/alsinac.com\/fr\/wp-json\/wp\/v2\/types\/page"}],"author":[{"embeddable":true,"href":"https:\/\/alsinac.com\/fr\/wp-json\/wp\/v2\/users\/1"}],"replies":[{"embeddable":true,"href":"https:\/\/alsinac.com\/fr\/wp-json\/wp\/v2\/comments?post=7830"}],"version-history":[{"count":4,"href":"https:\/\/alsinac.com\/fr\/wp-json\/wp\/v2\/pages\/7830\/revisions"}],"predecessor-version":[{"id":24050,"href":"https:\/\/alsinac.com\/fr\/wp-json\/wp\/v2\/pages\/7830\/revisions\/24050"}],"wp:attachment":[{"href":"https:\/\/alsinac.com\/fr\/wp-json\/wp\/v2\/media?parent=7830"}],"curies":[{"name":"wp","href":"https:\/\/api.w.org\/{rel}","templated":true}]}}