{"id":8019,"date":"2017-02-23T18:25:51","date_gmt":"2017-02-23T17:25:51","guid":{"rendered":"http:\/\/tienda.alsinac.com\/bodega\/caixa-vi-negre-crianca-6-ampolles-enviament-no-inclos\/"},"modified":"2025-04-21T08:18:36","modified_gmt":"2025-04-21T06:18:36","slug":"caixa-vi-negre-crianca-6-ampolles-enviament-no-inclos","status":"publish","type":"product","link":"https:\/\/alsinac.com\/ca\/bodega\/caixa-vi-negre-crianca-6-ampolles-enviament-no-inclos\/","title":{"rendered":"Caixa Vi Negre Crian\u00e7a (6 ampolles, enviament no incl\u00f2s)"},"content":{"rendered":"\n<p style=\"text-align: justify;\"><strong>Nota de tast:<\/strong> Sala Casanovas Negre Crian\u00e7a exhibeix un vermell cirera amb matisos ataronjats. Al paladar, el seu cuidat cupatge li d\u00f3na un bouquet suau, equilibrat i amb car\u00e0cter. Destaquen les fruites silvestres amb notes de cacau i caf\u00e8.<\/p>\n<p style=\"text-align: justify;\"><strong>Maridatge:<\/strong> Aquest vi \u00e9s ideal per pastes i arrossos amb base de nata o salsa de tom\u00e0quet. En plats principals, \u00e9s ideal per acompanyar amb carns vermelles. Pel que fa als formatges, els semi-curats i curats s\u00f3n els adequats.<\/p>\n<p style=\"text-align: justify;\"><strong>Temperatura de servei:<\/strong> Per gaudir d&#8217;aquest vi de manera \u00f2ptima, ha de servir- se entre 15 i 18\u00baC.<\/p>\n<span class=\"et_bloom_bottom_trigger\"><\/span>","protected":false},"excerpt":{"rendered":"<p>Sala Casanovas Negre Crian\u00e7a \u00e9s un vi amb denominaci\u00f3 d&#8217;origen Catalunya, aconseguit primer per la maceraci\u00f3 durant tres setmanes del most flor provinent de ra\u00efms del Pened\u00e8s. En un segon pas, \u00e9s madurat durant 12 mesos en b\u00f3ta de roure americ\u00e0 i despr\u00e9s ve el temps de rep\u00f2s en ampolla fins a completar els tres anys. La graduaci\u00f3\u00a0 alcoh\u00f2lica resultant \u00e9s del 13,5\u00ba.<\/p>\n<p>Si voleu demanar m\u00e9s de quatre caixes contacti directament amb nosaltres per optimitzar les despeses d&#8217;enviament.<\/p>\n","protected":false},"featured_media":7764,"comment_status":"open","ping_status":"closed","template":"","meta":{"om_disable_all_campaigns":false},"product_brand":[],"product_cat":[177],"product_tag":[],"class_list":{"0":"post-8019","1":"product","2":"type-product","3":"status-publish","4":"has-post-thumbnail","6":"product_cat-vi","8":"first","9":"instock","10":"taxable","11":"shipping-taxable","12":"purchasable","13":"product-type-simple"},"aioseo_notices":[],"_links":{"self":[{"href":"https:\/\/alsinac.com\/ca\/wp-json\/wp\/v2\/product\/8019","targetHints":{"allow":["GET"]}}],"collection":[{"href":"https:\/\/alsinac.com\/ca\/wp-json\/wp\/v2\/product"}],"about":[{"href":"https:\/\/alsinac.com\/ca\/wp-json\/wp\/v2\/types\/product"}],"replies":[{"embeddable":true,"href":"https:\/\/alsinac.com\/ca\/wp-json\/wp\/v2\/comments?post=8019"}],"wp:featuredmedia":[{"embeddable":true,"href":"https:\/\/alsinac.com\/ca\/wp-json\/wp\/v2\/media\/7764"}],"wp:attachment":[{"href":"https:\/\/alsinac.com\/ca\/wp-json\/wp\/v2\/media?parent=8019"}],"wp:term":[{"taxonomy":"product_brand","embeddable":true,"href":"https:\/\/alsinac.com\/ca\/wp-json\/wp\/v2\/product_brand?post=8019"},{"taxonomy":"product_cat","embeddable":true,"href":"https:\/\/alsinac.com\/ca\/wp-json\/wp\/v2\/product_cat?post=8019"},{"taxonomy":"product_tag","embeddable":true,"href":"https:\/\/alsinac.com\/ca\/wp-json\/wp\/v2\/product_tag?post=8019"}],"curies":[{"name":"wp","href":"https:\/\/api.w.org\/{rel}","templated":true}]}}