{"id":8018,"date":"2017-02-27T12:11:32","date_gmt":"2017-02-27T11:11:32","guid":{"rendered":"http:\/\/tienda.alsinac.com\/bodega\/caixa-vi-rosat-6-ampolles-enviament-no-inclos\/"},"modified":"2019-07-22T11:13:19","modified_gmt":"2019-07-22T10:13:19","slug":"caixa-vi-rosat-6-ampolles-enviament-no-inclos","status":"publish","type":"product","link":"https:\/\/alsinac.com\/ca\/bodega\/caixa-vi-rosat-6-ampolles-enviament-no-inclos\/","title":{"rendered":"Caixa Vi Rosat (6 ampolles, enviament no incl\u00f2s)"},"content":{"rendered":"\n<p style=\"text-align: justify;\"><strong>Nota de tast:<\/strong> Sala Casanovas Rosat exhibeix un accentuat to vermell cirera. Al paladar, l&#8217;alta proporci\u00f3 de merlot li d\u00f3na un bouquet suau i delicat. A m\u00e9s, la garnatxa li afegeix la for\u00e7a necess\u00e0ria per aconseguir un vi amb car\u00e0cter.<\/p>\n<p style=\"text-align: justify;\"><strong>Maridatgje:\u00a0<\/strong>Aquest vi \u00e9s ideal per aperitius i entrants, com ara cremes i pastes. En plats principals, combina b\u00e9 tant amb peix blau com amb carns suaus.<\/p>\n<p style=\"text-align: justify;\"><strong>Temperatura de servei:<\/strong> Per gaudir d&#8217;aquest vi de manera \u00f2ptima, ha de servir-se a 7\u00baC.<\/p>\n<span class=\"et_bloom_bottom_trigger\"><\/span>","protected":false},"excerpt":{"rendered":"<p>Sala Casanovas Rosat \u00e9s un vi novell amb denominaci\u00f3 d&#039;origen Catalunya, que surt de la fermentaci\u00f3 del most flor provinent de ra\u00efms del Pened\u00e8s i la Terra Alta.<\/p>\n<p>Es tracta d&#039;un vi lleuger, de 12,5\u00ba, sec i amb un marcat aroma de fruites vermelles, com ara la maduixa i la cirera.<\/p>\n<p>Si voleu demanar m\u00e9s de quatre caixes contacti directament amb nosaltres per optimitzar les despeses d&#039;enviament.<\/p>\n","protected":false},"featured_media":7758,"comment_status":"open","ping_status":"closed","template":"","meta":{"om_disable_all_campaigns":false},"product_brand":[],"product_cat":[177],"product_tag":[],"class_list":{"0":"post-8018","1":"product","2":"type-product","3":"status-publish","4":"has-post-thumbnail","6":"product_cat-vi","8":"first","9":"instock","10":"taxable","11":"shipping-taxable","12":"purchasable","13":"product-type-simple"},"aioseo_notices":[],"_links":{"self":[{"href":"https:\/\/alsinac.com\/ca\/wp-json\/wp\/v2\/product\/8018","targetHints":{"allow":["GET"]}}],"collection":[{"href":"https:\/\/alsinac.com\/ca\/wp-json\/wp\/v2\/product"}],"about":[{"href":"https:\/\/alsinac.com\/ca\/wp-json\/wp\/v2\/types\/product"}],"replies":[{"embeddable":true,"href":"https:\/\/alsinac.com\/ca\/wp-json\/wp\/v2\/comments?post=8018"}],"wp:featuredmedia":[{"embeddable":true,"href":"https:\/\/alsinac.com\/ca\/wp-json\/wp\/v2\/media\/7758"}],"wp:attachment":[{"href":"https:\/\/alsinac.com\/ca\/wp-json\/wp\/v2\/media?parent=8018"}],"wp:term":[{"taxonomy":"product_brand","embeddable":true,"href":"https:\/\/alsinac.com\/ca\/wp-json\/wp\/v2\/product_brand?post=8018"},{"taxonomy":"product_cat","embeddable":true,"href":"https:\/\/alsinac.com\/ca\/wp-json\/wp\/v2\/product_cat?post=8018"},{"taxonomy":"product_tag","embeddable":true,"href":"https:\/\/alsinac.com\/ca\/wp-json\/wp\/v2\/product_tag?post=8018"}],"curies":[{"name":"wp","href":"https:\/\/api.w.org\/{rel}","templated":true}]}}