{"id":8017,"date":"2017-02-06T16:08:51","date_gmt":"2017-02-06T15:08:51","guid":{"rendered":"http:\/\/tienda.alsinac.com\/bodega\/caixa-vi-blanc-penedes-6-ampolles-enviament-no-inclos\/"},"modified":"2017-06-14T12:41:33","modified_gmt":"2017-06-14T11:41:33","slug":"caixa-vi-blanc-penedes-6-ampolles-enviament-no-inclos","status":"publish","type":"product","link":"https:\/\/alsinac.com\/ca\/bodega\/caixa-vi-blanc-penedes-6-ampolles-enviament-no-inclos\/","title":{"rendered":"Caixa Vi Blanc Pened\u00e8s (6 ampolles, enviament no incl\u00f2s)"},"content":{"rendered":"\n<p style=\"text-align: justify;\"><strong>Nota de tast:<\/strong> Sala Casanovas Blanc Pened\u00e8s presenta un caracter\u00edstic groc palla. Al tastar-lo, predominen els aromes c\u00edtrics, acompanyats per matisos de poma i pinya.<\/p>\n<p style=\"text-align: justify;\"><strong>Maridatge:<\/strong> Aquest vi \u00e9s ideal per entrants, com ara cremes i sopes, aix\u00ed com plats principals basats en peix i marisc.<\/p>\n<p style=\"text-align: justify;\"><strong>Temperatura de servei:<\/strong> Per gaudir d&#8217;aquest vi de manera \u00f2ptima, ha de servir-se a 6\u00baC.<\/p>\n<span class=\"et_bloom_bottom_trigger\"><\/span>","protected":false},"excerpt":{"rendered":"<p>Sala Casanovas Blanc Pened\u00e8s, \u00e9s un vi jove amb denominaci\u00f3 d&#8217;origen Catalunya, fet de la fermentaci\u00f3 del most flor provinent de ra\u00efms del Pened\u00e8s.<\/p>\n<p>Es tracta d&#8217;un vi lleuger, de 12\u00ba, sec i arom\u00e0tic, amb una moderada acidesa que d\u00f3na un agradable sensaci\u00f3 de frescor a qui el tasta.<\/p>\n<p>Si voleu demanar m\u00e9s de quatre caixes contacti directament amb nosaltres per optimitzar les despeses d&#8217;enviament.<\/p>\n","protected":false},"featured_media":7761,"comment_status":"open","ping_status":"closed","template":"","meta":{"om_disable_all_campaigns":false},"product_brand":[],"product_cat":[177],"product_tag":[],"class_list":{"0":"post-8017","1":"product","2":"type-product","3":"status-publish","4":"has-post-thumbnail","6":"product_cat-vi","8":"first","9":"instock","10":"taxable","11":"shipping-taxable","12":"purchasable","13":"product-type-simple"},"aioseo_notices":[],"_links":{"self":[{"href":"https:\/\/alsinac.com\/ca\/wp-json\/wp\/v2\/product\/8017","targetHints":{"allow":["GET"]}}],"collection":[{"href":"https:\/\/alsinac.com\/ca\/wp-json\/wp\/v2\/product"}],"about":[{"href":"https:\/\/alsinac.com\/ca\/wp-json\/wp\/v2\/types\/product"}],"replies":[{"embeddable":true,"href":"https:\/\/alsinac.com\/ca\/wp-json\/wp\/v2\/comments?post=8017"}],"wp:featuredmedia":[{"embeddable":true,"href":"https:\/\/alsinac.com\/ca\/wp-json\/wp\/v2\/media\/7761"}],"wp:attachment":[{"href":"https:\/\/alsinac.com\/ca\/wp-json\/wp\/v2\/media?parent=8017"}],"wp:term":[{"taxonomy":"product_brand","embeddable":true,"href":"https:\/\/alsinac.com\/ca\/wp-json\/wp\/v2\/product_brand?post=8017"},{"taxonomy":"product_cat","embeddable":true,"href":"https:\/\/alsinac.com\/ca\/wp-json\/wp\/v2\/product_cat?post=8017"},{"taxonomy":"product_tag","embeddable":true,"href":"https:\/\/alsinac.com\/ca\/wp-json\/wp\/v2\/product_tag?post=8017"}],"curies":[{"name":"wp","href":"https:\/\/api.w.org\/{rel}","templated":true}]}}