{"id":7857,"date":"2015-09-28T17:35:17","date_gmt":"2015-09-28T16:35:17","guid":{"rendered":"http:\/\/tienda.alsinac.com\/bodega\/capsa-brut-rose-alsinac-6-ampolles\/"},"modified":"2026-02-18T19:12:54","modified_gmt":"2026-02-18T17:12:54","slug":"capsa-brut-rose-alsinac-6-ampolles","status":"publish","type":"product","link":"https:\/\/alsinac.com\/ca\/bodega\/capsa-brut-rose-alsinac-6-ampolles\/","title":{"rendered":"Caixa Brut Ros\u00e9 Alsinac (6 ampolles, enviament no incl\u00f2s)"},"content":{"rendered":"\n<p style=\"text-align: justify;\"><strong>Nota de tast: <\/strong>Brut Ros\u00e9 Alsinac presenta un marcat color rosa coral\u2022l\u00ed, amb una seductora efervesc\u00e8ncia dotada d&#8217; unes perdurables bombolles.<\/p>\n<p style=\"text-align: justify;\">Aquest cava \u00e9s ideal per aperitius, pr\u00e0cticament qualsevol tipus d&#8217;entrant (arrossos, marisc &#8230;), aix\u00ed com la fruita.<\/p>\n<p style=\"text-align: justify;\"><strong>Maridatge: <\/strong>a causa del baix nivell de sucres afegits, aquest Cava es pot gaudir al llarg de tot el menjar, independentment del plat.<\/p>\n<p style=\"text-align: justify;\"><strong>Temperatura de servei: <\/strong>per a gaudir m\u00e9s del nostre Cava, es convenient servir-ho molt fresc. Per a aix\u00f2, despr\u00e9s de mantenir-lo a la nevera durant unes hores per arribar a 6\u00baC, el tindrem 30 minuts al congelador, per a qu\u00e8 la temperatura baixi a 3\u00baC. En aquest moment, s&#8217;apreciar\u00e0 el Cava en la seva degustaci\u00f3 m\u00e9s deliciosa.<\/p>\n<span class=\"et_bloom_bottom_trigger\"><\/span>","protected":false},"excerpt":{"rendered":"<p style=\"text-align: justify;\">Brut Ros\u00e9 Alsinac \u00e9s un Cava de 12 mesos en rima, amb un coupage que combina una acurada selecci\u00f3 de vins del Pened\u00e8s, on predominen les ess\u00e8ncies naturals, al costat d&#8217;un vigor\u00f3s garnatxa que el converteix en un cava amb car\u00e0cter.<\/p>\n<p style=\"text-align: justify;\">Si voleu demanar m\u00e9s de quatre caixes contacti directament amb nosaltres per optimitzar les despeses d&#8217;enviament.<\/p>\n<p>&nbsp;<\/p>\n","protected":false},"featured_media":16511,"comment_status":"open","ping_status":"closed","template":"","meta":{"om_disable_all_campaigns":false},"product_brand":[],"product_cat":[178],"product_tag":[],"class_list":{"0":"post-7857","1":"product","2":"type-product","3":"status-publish","4":"has-post-thumbnail","6":"product_cat-cava-ca","8":"first","9":"instock","10":"purchasable","11":"product-type-simple"},"aioseo_notices":[],"_links":{"self":[{"href":"https:\/\/alsinac.com\/ca\/wp-json\/wp\/v2\/product\/7857","targetHints":{"allow":["GET"]}}],"collection":[{"href":"https:\/\/alsinac.com\/ca\/wp-json\/wp\/v2\/product"}],"about":[{"href":"https:\/\/alsinac.com\/ca\/wp-json\/wp\/v2\/types\/product"}],"replies":[{"embeddable":true,"href":"https:\/\/alsinac.com\/ca\/wp-json\/wp\/v2\/comments?post=7857"}],"wp:featuredmedia":[{"embeddable":true,"href":"https:\/\/alsinac.com\/ca\/wp-json\/wp\/v2\/media\/16511"}],"wp:attachment":[{"href":"https:\/\/alsinac.com\/ca\/wp-json\/wp\/v2\/media?parent=7857"}],"wp:term":[{"taxonomy":"product_brand","embeddable":true,"href":"https:\/\/alsinac.com\/ca\/wp-json\/wp\/v2\/product_brand?post=7857"},{"taxonomy":"product_cat","embeddable":true,"href":"https:\/\/alsinac.com\/ca\/wp-json\/wp\/v2\/product_cat?post=7857"},{"taxonomy":"product_tag","embeddable":true,"href":"https:\/\/alsinac.com\/ca\/wp-json\/wp\/v2\/product_tag?post=7857"}],"curies":[{"name":"wp","href":"https:\/\/api.w.org\/{rel}","templated":true}]}}