{"id":15466,"date":"2017-02-23T18:24:59","date_gmt":"2017-02-23T17:24:59","guid":{"rendered":"https:\/\/alsinac.com\/bodega\/vino-garnacha-blanca\/"},"modified":"2021-03-09T12:26:57","modified_gmt":"2021-03-09T11:26:57","slug":"vino-garnacha-blanca","status":"publish","type":"product","link":"https:\/\/alsinac.com\/ca\/bodega\/vino-garnacha-blanca\/","title":{"rendered":"Caixa Vi Garnatxa Blanca (6 ampolles, enviament no incl\u00f2s)"},"content":{"rendered":"\n<p style=\"text-align: justify;\"><strong>Nota de tast:<\/strong> Sala Casanovas Garnatxa Blanca presenta un color groc palla, desprenent un aroma a c\u00edtrics i ess\u00e8ncies fonoll i llorer. El seu contingut nivell d&#8217;acidesa ofereix un agradable frescor al paladar.<\/p>\n<p style=\"text-align: justify;\"><strong>Maridatge:<\/strong> acompanya harmoniosament als peixos blancs i mariscos. Aix\u00ed mateix, tamb\u00e9 conjuga amb amanides, pastes, arrossos i formatges frescos.<\/p>\n<p style=\"text-align: justify;\"><strong>Temperatura del servei:<\/strong> per gaudir d&#8217;aquest vi de manera \u00f2ptima, ha de servir-se a 6\u00baC..<\/p>\n<span class=\"et_bloom_bottom_trigger\"><\/span>","protected":false},"excerpt":{"rendered":"<p>Sala Casanovas Garnatxa Blanca \u00e9s un vi de l&#8217;any, obtingut a trav\u00e9s de la fermentaci\u00f3 d&#8217;el most flor provinent de ra\u00efms de la Rivera de l&#8217;Ebre.<\/p>\n<p>Es tracta d&#8217;un vi afruitat i intens, de 13\u00ba.<\/p>\n<p>Si voleu demanar m\u00e9s de quatre caixes contacti directament amb nosaltres per optimitzar les despeses d&#8217;enviament.<\/p>\n","protected":false},"featured_media":9466,"comment_status":"open","ping_status":"closed","template":"","meta":{"om_disable_all_campaigns":false},"product_brand":[],"product_cat":[177],"product_tag":[],"class_list":{"0":"post-15466","1":"product","2":"type-product","3":"status-publish","4":"has-post-thumbnail","6":"product_cat-vi","8":"first","9":"instock","10":"taxable","11":"shipping-taxable","12":"purchasable","13":"product-type-simple"},"aioseo_notices":[],"_links":{"self":[{"href":"https:\/\/alsinac.com\/ca\/wp-json\/wp\/v2\/product\/15466","targetHints":{"allow":["GET"]}}],"collection":[{"href":"https:\/\/alsinac.com\/ca\/wp-json\/wp\/v2\/product"}],"about":[{"href":"https:\/\/alsinac.com\/ca\/wp-json\/wp\/v2\/types\/product"}],"replies":[{"embeddable":true,"href":"https:\/\/alsinac.com\/ca\/wp-json\/wp\/v2\/comments?post=15466"}],"wp:featuredmedia":[{"embeddable":true,"href":"https:\/\/alsinac.com\/ca\/wp-json\/wp\/v2\/media\/9466"}],"wp:attachment":[{"href":"https:\/\/alsinac.com\/ca\/wp-json\/wp\/v2\/media?parent=15466"}],"wp:term":[{"taxonomy":"product_brand","embeddable":true,"href":"https:\/\/alsinac.com\/ca\/wp-json\/wp\/v2\/product_brand?post=15466"},{"taxonomy":"product_cat","embeddable":true,"href":"https:\/\/alsinac.com\/ca\/wp-json\/wp\/v2\/product_cat?post=15466"},{"taxonomy":"product_tag","embeddable":true,"href":"https:\/\/alsinac.com\/ca\/wp-json\/wp\/v2\/product_tag?post=15466"}],"curies":[{"name":"wp","href":"https:\/\/api.w.org\/{rel}","templated":true}]}}