{"id":9509,"date":"2018-09-17T17:28:55","date_gmt":"2018-09-17T16:28:55","guid":{"rendered":"https:\/\/alsinac.com\/?page_id=9509"},"modified":"2024-08-27T10:47:27","modified_gmt":"2024-08-27T08:47:27","slug":"bodegues-alsinac-3","status":"publish","type":"page","link":"https:\/\/alsinac.com\/ca\/bodegues-alsinac-3\/","title":{"rendered":"Bodegues Alsinac"},"content":{"rendered":"<div class=\"wpb-content-wrapper\">[vc_row][vc_column width=&#8221;1\/2&#8243;][vc_column_text]\n<h2>Hist\u00f2ria<\/h2>\n[\/vc_column_text][vc_empty_space height=&#8221;30px&#8221;][vc_column_text]\n<p style=\"text-align: justify;\"><span style=\"font-weight: 400;\">Jos\u00e9 Benages va iniciar la seva vida empresarial a principis dels anys vuitanta, despr\u00e9s d&#8217;haver estat responsable de producci\u00f3 en importants empreses de comercialitzaci\u00f3 de vins i caves, creant la marca Alsinac. Des d&#8217;aquest moment, la marca ha anat acumulant una important base de clients fidels, que han adquirit regularment els nostres productes, tant en el nostre establiment a Vilafranca del Pened\u00e8s, o a domicili.<\/span><\/p>\n<p style=\"text-align: justify;\"><span style=\"font-weight: 400;\">Durant aquests anys, el seu fill gran, Oscar Benages, ha estat vinculat a l&#8217;activitat, ja sigui treballant en la producci\u00f3 des de l&#8217;adolesc\u00e8ncia, col\u2022laborant en l&#8217;automatitzaci\u00f3 i control de qualitat gr\u00e0cies als seus estudis d&#8217;enginyeria i, finalment, prenent una responsabilitat cada vegada m\u00e9s gran en la gesti\u00f3 d&#8217;un temps en\u00e7\u00e0.<\/span><\/p>\n<p style=\"text-align: justify;\"><span style=\"font-weight: 400;\">Amb la motivaci\u00f3 de donar servei a un major nombre de clients, fa dos anys vam iniciar la nostra pres\u00e8ncia a la web. Aix\u00f2 ens ha perm\u00e8s que el nostre producte entri a les llars de tots els punts d&#8217;Espanya. En definitiva, tot aix\u00f2 ha portat a un negoci en creixement que ens convida a ser optimistes per seguir treballant com fins ara.<\/span><\/p>\n[\/vc_column_text][vc_empty_space][\/vc_column][vc_column width=&#8221;1\/2&#8243;][vc_empty_space height=&#8221;10px&#8221;]<div  class=\"sc_image align\"><a href=\"https:\/\/alsinac.com\/wp-content\/uploads\/2015\/09\/Historia-Alsinac.jpg\" data-rel=\"lightbox-image-0\" data-magnific_type=\"image\" data-rl_title=\"\" data-rl_caption=\"\" title=\"\"><img decoding=\"async\"  src=\"https:\/\/alsinac.com\/wp-content\/uploads\/2015\/09\/Historia-Alsinac.jpg\" alt=\"Image\" \/><\/a><\/div>[\/vc_column][\/vc_row][vc_row][vc_column][vc_empty_space height=&#8221;40px&#8221;][\/vc_column][\/vc_row][vc_row][vc_column width=&#8221;5\/12&#8243;][vc_empty_space height=&#8221;0px&#8221;]<div  class=\"sc_image align\"><a href=\"https:\/\/alsinac.com\/wp-content\/uploads\/2015\/09\/Tienda-Cava.jpg\" data-rel=\"lightbox-image-1\" data-magnific_type=\"image\" data-rl_title=\"\" data-rl_caption=\"\" title=\"\"><img decoding=\"async\"  src=\"https:\/\/alsinac.com\/wp-content\/uploads\/2015\/09\/Tienda-Cava.jpg\" alt=\"Image\" \/><\/a><\/div>[\/vc_column][vc_column width=&#8221;7\/12&#8243;][vc_column_text]\n<h2>Filosofia<\/h2>\n[\/vc_column_text][vc_empty_space height=&#8221;30px&#8221;][vc_column_text]\n<p style=\"text-align: justify;\"><span style=\"font-weight: 400;\">El fonament del nostre negoci es basa en dos aspectes:<\/span><\/p>\n<p style=\"text-align: justify;\"><span style=\"font-weight: 400;\">Desitgem oferir productes tradicionals, que mantinguin l&#8217;ess\u00e8ncia i naturalitat de la terra. Per aconseguir-ho, els nostres caves es comercialitzen com Brut Nature, minimitzant a m\u00e9s a m\u00e9s qualsevol tipus d&#8217;additiu que no sigui estrictament necessari per a preservar la qualitat del producte.<\/span><\/p>\n<p style=\"text-align: justify;\"><span style=\"font-weight: 400;\">Volem que puguin gaudir dels nostres productes un gran nombre de persones. Quants m\u00e9s clients puguem servir, m\u00e9s gran ser\u00e0 la realitzaci\u00f3 del nostre treball. Per aix\u00f2, podem oferir tots els nostres productes, amb una qualitat excel\u2022lent, a preus econ\u00f2mics.<\/span><\/p>\n[\/vc_column_text][vc_empty_space][\/vc_column][\/vc_row][vc_row][vc_column][vc_empty_space height=&#8221;80px&#8221;][\/vc_column][\/vc_row]\n<\/div><span class=\"et_bloom_bottom_trigger\"><\/span>","protected":false},"excerpt":{"rendered":"[vc_row][vc_column width=&#8221;1\/2&#8243;][vc_column_text] Hist\u00f2ria [\/vc_column_text][vc_empty_space height=&#8221;30px&#8221;][vc_column_text] Jos\u00e9 Benages va iniciar la seva vida empresarial a principis dels anys vuitanta, despr\u00e9s d&#8217;haver estat responsable de producci\u00f3 en importants empreses de comercialitzaci\u00f3 de vins i caves, creant la marca Alsinac. Des d&#8217;aquest moment, la marca ha anat acumulant una important base de clients fidels, que han adquirit regularment [&hellip;]\n","protected":false},"author":2,"featured_media":0,"parent":0,"menu_order":0,"comment_status":"closed","ping_status":"closed","template":"","meta":{"om_disable_all_campaigns":false,"footnotes":""},"class_list":["post-9509","page","type-page","status-publish","hentry"],"aioseo_notices":[],"_links":{"self":[{"href":"https:\/\/alsinac.com\/ca\/wp-json\/wp\/v2\/pages\/9509","targetHints":{"allow":["GET"]}}],"collection":[{"href":"https:\/\/alsinac.com\/ca\/wp-json\/wp\/v2\/pages"}],"about":[{"href":"https:\/\/alsinac.com\/ca\/wp-json\/wp\/v2\/types\/page"}],"author":[{"embeddable":true,"href":"https:\/\/alsinac.com\/ca\/wp-json\/wp\/v2\/users\/2"}],"replies":[{"embeddable":true,"href":"https:\/\/alsinac.com\/ca\/wp-json\/wp\/v2\/comments?post=9509"}],"version-history":[{"count":1,"href":"https:\/\/alsinac.com\/ca\/wp-json\/wp\/v2\/pages\/9509\/revisions"}],"predecessor-version":[{"id":21858,"href":"https:\/\/alsinac.com\/ca\/wp-json\/wp\/v2\/pages\/9509\/revisions\/21858"}],"wp:attachment":[{"href":"https:\/\/alsinac.com\/ca\/wp-json\/wp\/v2\/media?parent=9509"}],"curies":[{"name":"wp","href":"https:\/\/api.w.org\/{rel}","templated":true}]}}