{"id":7988,"date":"2017-04-27T18:44:34","date_gmt":"2017-04-27T17:44:34","guid":{"rendered":"http:\/\/tienda.alsinac.com\/els-nostres-vins\/"},"modified":"2024-09-01T14:04:54","modified_gmt":"2024-09-01T12:04:54","slug":"els-nostres-vins","status":"publish","type":"page","link":"https:\/\/alsinac.com\/ca\/els-nostres-vins\/","title":{"rendered":"Els Nostres Vins"},"content":{"rendered":"<div class=\"wpb-content-wrapper\">[vc_row][vc_column][vc_column_text]Els nostres vins s&#8217;elaboren fonamentalment amb ra\u00efm de la comarca del Pened\u00e8s, reconeguda universalment per la qualitat dels seus vins blancs. A m\u00e9s, per complementar el nostre cat\u00e0leg afegint-hi energia i singularitat, tenim garnatxes de la Terra Alta, comarca regada pel baix Ebre i amb una extensa tradici\u00f3 vin\u00edcola.<\/p>\n<p style=\"text-align: justify;\">Igual que amb els nostres caves, nom\u00e9s fem servir vins de primera fermentaci\u00f3 (\u00e9s a dir, elaborats a partir de most flor), aix\u00ed obtenim una excel\u2022lent qualitat i benestar en el nostre organisme. A m\u00e9s a m\u00e9s, sabem que els vins han de contribuir a donar una imatge atractiva a la nostra taula, tant en celebracions com en els moments quotidians; per aix\u00f2, ens hem esmerat fent unes boniques serigrafies amb motius vin\u00edcoles en les nostres ampolles .<\/p>\n[\/vc_column_text][vc_empty_space][\/vc_column][\/vc_row][vc_row][vc_column][vc_text_separator title=&#8221;Degustaci\u00f3&#8221; border_width=&#8221;2&#8243;][vc_empty_space][vc_row_inner][vc_column_inner width=&#8221;2\/3&#8243;][vc_column_text]Seguint en la nostra l\u00ednea de fer productes distingits a l&#8217;abast de tothom, us<br \/>\npresentem aqu\u00ed vins amb una destacada relaci\u00f3 qualitat-preu. Per poder satisfer les prefer\u00e8ncies personals, combinant-les amb les diferents de varietats gastron\u00f2miques, us oferim els tres tipus de vins habituals (fent clic a l&#8217;enlla\u00e7 podeu accedir a una fitxa m\u00e9s detallada de cada producte):<\/p>\n<p>&#8211;<a href=\"\/?p=8017\">Blanc<\/a>, fet \u00edntegrament amb ra\u00efm del Pened\u00e8s.<\/p>\n<p>&#8211;<a href=\"\/?p=8018\">Rosat<\/a>, combinant les qualitats del Merlot del Pened\u00e8s amb la Garnatxa de la Terra Alta.<\/p>\n<p>&#8211;<a href=\"\/?p=8019\">Negre de crian\u00e7a<\/a>, molt equilibrat, gr\u00e0cies a una esmerada combinaci\u00f3 de Cabernet Sauvignon i Ull de Llebre.<\/p>\n<p>Els podeu comprar des de cadascuna de les fitxes o al nostre celler.[\/vc_column_text][\/vc_column_inner][vc_column_inner width=&#8221;1\/3&#8243;]<div  style=\"width:80%;\" class=\"sc_image align\"><a href=\"https:\/\/alsinac.com\/wp-content\/uploads\/2017\/03\/Foto-Vinos-1.jpg\" data-rel=\"lightbox-image-0\" data-magnific_type=\"image\" data-rl_title=\"\" data-rl_caption=\"\" title=\"\"><img decoding=\"async\"  src=\"https:\/\/alsinac.com\/wp-content\/uploads\/2017\/03\/Foto-Vinos-1.jpg\" alt=\"ImageVinos blanco y tinto crianza\" \/><\/a><div class=\"sc_image_caption\">Vinos blanco y tinto crianza<\/div><\/div>[\/vc_column_inner][\/vc_row_inner][vc_empty_space][\/vc_column][\/vc_row][vc_row][vc_column][vc_text_separator title=&#8221;&#8221; border_width=&#8221;2&#8243;][vc_empty_space][vc_row_inner][vc_column_inner width=&#8221;1\/2&#8243;][vc_column_text][\/vc_column_text][\/vc_column_inner][vc_column_inner width=&#8221;1\/2&#8243;][vc_column_text][\/vc_column_text][\/vc_column_inner][\/vc_row_inner][\/vc_column][\/vc_row][vc_row][vc_column][vc_empty_space][\/vc_column][\/vc_row]\n<\/div><span class=\"et_bloom_bottom_trigger\"><\/span>","protected":false},"excerpt":{"rendered":"[vc_row][vc_column][vc_column_text]Els nostres vins s&#8217;elaboren fonamentalment amb ra\u00efm de la comarca del Pened\u00e8s, reconeguda universalment per la qualitat dels seus vins blancs. A m\u00e9s, per complementar el nostre cat\u00e0leg afegint-hi energia i singularitat, tenim garnatxes de la Terra Alta, comarca regada pel baix Ebre i amb una extensa tradici\u00f3 vin\u00edcola. Igual que amb els nostres caves, [&hellip;]\n","protected":false},"author":2,"featured_media":0,"parent":0,"menu_order":0,"comment_status":"closed","ping_status":"open","template":"","meta":{"om_disable_all_campaigns":false,"footnotes":""},"class_list":["post-7988","page","type-page","status-publish","hentry"],"aioseo_notices":[],"_links":{"self":[{"href":"https:\/\/alsinac.com\/ca\/wp-json\/wp\/v2\/pages\/7988","targetHints":{"allow":["GET"]}}],"collection":[{"href":"https:\/\/alsinac.com\/ca\/wp-json\/wp\/v2\/pages"}],"about":[{"href":"https:\/\/alsinac.com\/ca\/wp-json\/wp\/v2\/types\/page"}],"author":[{"embeddable":true,"href":"https:\/\/alsinac.com\/ca\/wp-json\/wp\/v2\/users\/2"}],"replies":[{"embeddable":true,"href":"https:\/\/alsinac.com\/ca\/wp-json\/wp\/v2\/comments?post=7988"}],"version-history":[{"count":2,"href":"https:\/\/alsinac.com\/ca\/wp-json\/wp\/v2\/pages\/7988\/revisions"}],"predecessor-version":[{"id":21871,"href":"https:\/\/alsinac.com\/ca\/wp-json\/wp\/v2\/pages\/7988\/revisions\/21871"}],"wp:attachment":[{"href":"https:\/\/alsinac.com\/ca\/wp-json\/wp\/v2\/media?parent=7988"}],"curies":[{"name":"wp","href":"https:\/\/api.w.org\/{rel}","templated":true}]}}