{"id":7901,"date":"2015-10-19T09:12:11","date_gmt":"2015-10-19T09:12:11","guid":{"rendered":"http:\/\/tienda.alsinac.com\/condicions-de-contractacio\/"},"modified":"2025-05-31T09:07:02","modified_gmt":"2025-05-31T07:07:02","slug":"condicions-de-contractacio","status":"publish","type":"page","link":"https:\/\/alsinac.com\/ca\/condicions-de-contractacio\/","title":{"rendered":"Condicions de contractaci\u00f3"},"content":{"rendered":"<div class=\"wpb-content-wrapper\">[vc_row][vc_column][vc_column_text]\n<h2 style=\"text-align: justify;\">Condicions de contractaci\u00f3<\/h2>\n<p><strong>1. QU\u00c8 \u00c9S AQUEST DOCUMENT?<\/strong><\/p>\n<p>1.1. El present text constitueix el CONTRACTE pel que es regir\u00e0 la relaci\u00f3 entre Oscar Benages (NIF: 46.725.005-E i domicili en c \/ Nord, 24-26 de Vilafranca del Pened\u00e8s) i Vost\u00e8 (el CLIENT), a l&#8217;adquirir productes a trav\u00e9s del nostre lloc web, alsinac.com.<\/p>\n<p>1.2. Llegiu aquest document amb atenci\u00f3. Aqu\u00ed trobareu les condicions que regulen la contractaci\u00f3 de productes per la nostra botiga online, els drets i obligacions d&#8217;ambdues parts i la informaci\u00f3 dels tr\u00e0mits del proc\u00e9s de compra, entre d&#8217;altres q\u00fcestions.<\/p>\n<p>1.3. Us informem que les presents Condicions Generals compleixen amb el que estableix la Llei de Serveis de Societat de la Informaci\u00f3 i la resta de legislaci\u00f3 vigent en la mat\u00e8ria.<\/p>\n<p><strong>2. ACCEPTACI\u00d3 I VIG\u00c8NCIA DE LES CONDICIONS GENERALS.<\/strong><\/p>\n<p>2.1. Les presents Condicions Generals s\u00f3n d&#8217;obligat compliment per<br \/>\nambdues parts. El CLIENT queda vinculat a totes i cadascuna d&#8217;aquestes condicions generals sense cap tipus de reserva en contractar productes a trav\u00e9s d&#8217; alsinac.com, essent la seva obligaci\u00f3 i responsabilitat llegir-les pr\u00e8viament.<\/p>\n<p>2.2.Mentre fa la seva comanda, pr\u00e8viament a autoritzar el pagament, el CLIENT haur\u00e0 d&#8217;acceptar les condicions generals. Si no hi esteu conformes, no seguiu endavant amb el proc\u00e9s de contractaci\u00f3, ja que aquestes condicions us seran d&#8217;aplicaci\u00f3 en tot cas.<\/p>\n<p><strong>3. PRODUCTES.<\/strong><\/p>\n<p>3.1. Alsinac.com posa a la vostra disposici\u00f3 tota una selecci\u00f3 de caves de qualitat.<\/p>\n<p>3.2. Per con\u00e8ixer les caracter\u00edstiques i detalls de cada producte i servei que s&#8217;ofereix al lloc d&#8217;alsinac.com, podeu consultar les fitxes de producte des de la p\u00e0gina &#8220;Botiga.&#8221;<\/p>\n<p><strong>4. PREU.<\/strong><\/p>\n<p>4.1. Tots els preus dels productes i serveis oferts al lloc web inclouen l&#8217;IVA corresponent.<\/p>\n<p>4.2. El preu que correspon a cada producte ser\u00e0 el que s&#8217;especifiqui en cada moment al lloc web.<\/p>\n<p>4.3. Alsinac.com es reserva el dret a modificar els preus i condicions de venda dels productes. No obstant aix\u00f2, sempre es respectaran i aplicaran els preus i les condicions que estaven establertes en el moment en que vost\u00e8 va fer la comanda.<\/p>\n<p><strong>5. DESPESES D&#8217;ENVIAMENT.<\/strong><\/p>\n<p>5.1. L&#8217;import de les despeses d&#8217;enviament \u00e9s de 4,60 \u20ac per caixa, per a tres o menys caixes. Si voleu m\u00e9s caixes, consulteu-nos.<\/p>\n<p>5.2. Les despeses d&#8217;enviament que corresponguin a la seva comanda s&#8217;afegiran al total del preu de compra dels productes seleccionats. Sortiran desglossades i detallades durant el proc\u00e9s de compra i es demanar\u00e0 la seva pr\u00e8via acceptaci\u00f3 abans de confirmar la comanda i finalitzar el proc\u00e9s de contractaci\u00f3.<\/p>\n<p><strong>6. DRET DE DESISTIMENT.<\/strong><\/p>\n<p>6.1. Alsinac us ofereix la possibilitat de retornar els productes adquirits en el termini de catorze (14) dies naturals a comptar des de la data en que heu rebut la comanda, en el cas que els nostres productes no fossin del vostre gust- En cas d&#8217;algun desperfecte, substituirem la mercaderia afectada sense cap despesa.<\/p>\n<p>6.2. Proc\u00e9s de devoluci\u00f3:<\/p>\n<p>Per la devoluci\u00f3 d&#8217;un producte, contacteu-nos a <a href=\"mailto:cava-alsinac@alsinac.com\">cava-alsinac@alsinac.com<\/a> i us ajudarem i indicarem com gestionar la devoluci\u00f3.<\/p>\n<p>Alsinac us reemborsar\u00e0 el preu del producte objecte de devoluci\u00f3 en el termini m\u00e0xim de 7 dies despr\u00e9s de verificar-ne el correcte estat.<br \/>\nLes despeses d&#8217;enviament derivades de la devoluci\u00f3 del producte seran a c\u00e0rrec del comprador.<\/p>\n<p>6.3. Condicions per a la devoluci\u00f3 de productes:<\/p>\n<p>La devoluci\u00f3 dels productes s&#8217;ha de fer en el termini m\u00e0xim de 14 dies naturals a comptar des de la recepci\u00f3 dels articles<\/p>\n<p><strong>7. PROPIETAT INTELLECTUAL I INDUSTRIAL.<\/strong><\/p>\n<p>El CLIENT reconeix i consent expressament que qualsevol copyright, marca registrada i altres drets de propietat intel\u2022lectual o industrial sobre els productes i serveis oferts des del lloc alsinac.com, o sobre els continguts que s&#8217;aporten com a part del lloc, corresponen en tot moment a alsinac.com o a qui va atorgar a alsinac.com llic\u00e8ncia per al seu \u00fas. El CLIENT no podr\u00e0 fer \u00fas d&#8217;aquest material tret que alsinac.com ho autoritzi expressament.<\/p>\n<p><strong>8. INTEGRITAT DEL CONTRACTE.<\/strong><\/p>\n<p>Si alguna de les cl\u00e0usules del present contracte fos anullable o nulla de ple dret, es considerar\u00e0 com no posada, mantenint la resta del contracte tota la seva for\u00e7a vinculant entre les parts<\/p>\n<p><strong>9. LLEI APLICABLE I FUR COMPETENT.<\/strong><\/p>\n<p>Per a qualsevol q\u00fcesti\u00f3, conflicte o controv\u00e8rsia que pugu\u00e9s sorgir en relaci\u00f3 a la validesa, interpretaci\u00f3, compliment i \/ o execuci\u00f3 de les presents Condicions Generals o de qualsevol altra q\u00fcesti\u00f3 que es derivi de la relaci\u00f3 existent entre les parts, aquestes es sotmeten expressament a la legislaci\u00f3 espanyola i a la compet\u00e8ncia dels Jutjats i Tribunals de Vilafranca del Pened\u00e8s, renunciant expressament a qualsevol altra legislaci\u00f3 o fur que els sigui propi, llevat que per llei se&#8217;n determinin de forma imperativa d&#8217;altres.<\/p>\n<h3 style=\"text-align: justify;\"><\/h3>\n[\/vc_column_text][vc_empty_space][\/vc_column][\/vc_row]\n<\/div><span class=\"et_bloom_bottom_trigger\"><\/span>","protected":false},"excerpt":{"rendered":"[vc_row][vc_column][vc_column_text] Condicions de contractaci\u00f3 1. QU\u00c8 \u00c9S AQUEST DOCUMENT? 1.1. El present text constitueix el CONTRACTE pel que es regir\u00e0 la relaci\u00f3 entre Oscar Benages (NIF: 46.725.005-E i domicili en c \/ Nord, 24-26 de Vilafranca del Pened\u00e8s) i Vost\u00e8 (el CLIENT), a l&#8217;adquirir productes a trav\u00e9s del nostre lloc web, alsinac.com. 1.2. Llegiu aquest [&hellip;]\n","protected":false},"author":1,"featured_media":0,"parent":0,"menu_order":0,"comment_status":"closed","ping_status":"closed","template":"","meta":{"om_disable_all_campaigns":false,"footnotes":""},"class_list":["post-7901","page","type-page","status-publish","hentry"],"aioseo_notices":[],"_links":{"self":[{"href":"https:\/\/alsinac.com\/ca\/wp-json\/wp\/v2\/pages\/7901","targetHints":{"allow":["GET"]}}],"collection":[{"href":"https:\/\/alsinac.com\/ca\/wp-json\/wp\/v2\/pages"}],"about":[{"href":"https:\/\/alsinac.com\/ca\/wp-json\/wp\/v2\/types\/page"}],"author":[{"embeddable":true,"href":"https:\/\/alsinac.com\/ca\/wp-json\/wp\/v2\/users\/1"}],"replies":[{"embeddable":true,"href":"https:\/\/alsinac.com\/ca\/wp-json\/wp\/v2\/comments?post=7901"}],"version-history":[{"count":1,"href":"https:\/\/alsinac.com\/ca\/wp-json\/wp\/v2\/pages\/7901\/revisions"}],"predecessor-version":[{"id":23927,"href":"https:\/\/alsinac.com\/ca\/wp-json\/wp\/v2\/pages\/7901\/revisions\/23927"}],"wp:attachment":[{"href":"https:\/\/alsinac.com\/ca\/wp-json\/wp\/v2\/media?parent=7901"}],"curies":[{"name":"wp","href":"https:\/\/api.w.org\/{rel}","templated":true}]}}