{"id":7872,"date":"2015-10-06T15:16:27","date_gmt":"2015-10-06T15:16:27","guid":{"rendered":"http:\/\/tienda.alsinac.com\/politica-de-cookies-2\/"},"modified":"2024-10-01T23:33:11","modified_gmt":"2024-10-01T21:33:11","slug":"politica-de-cookies-2","status":"publish","type":"page","link":"https:\/\/alsinac.com\/ca\/politica-de-cookies-2\/","title":{"rendered":"Pol\u00edtica de Cookies Cat"},"content":{"rendered":"<div class=\"wpb-content-wrapper\">[vc_row][vc_column][vc_column_text]\n<h2 style=\"text-align: justify;\">Pol\u00edtica de Cookies<\/h2>\n<h3 style=\"text-align: justify;\">Informaci\u00f3 general<\/h3>\n<p style=\"text-align: justify;\">Aquesta web ha estat elaborada, creada i dissenyada per Alsinac per donar a con\u00e8ixer i permetre l&#8217;acc\u00e9s a la informaci\u00f3 que cont\u00e9, amb les restriccions i limitacions que imposen les presents Condicions Generals aix\u00ed com permetre i possibilitar l&#8217;acc\u00e9s a altres p\u00e0gines amb les que nostra web tingui relacions comercials, professionals o de qualsevol altra mena.<br \/>\nLa simple utilitzaci\u00f3 de la nostra web, atribueix a qui faci \u00fas d&#8217;ella, la condici\u00f3 d&#8217;Usuari (des d&#8217;ara &#8220;Usuari&#8221;), que declara con\u00e8ixer i acceptar sense cap reserva ni excepci\u00f3, totes i cadascuna de les Condicions Generals que en aquest document s&#8217;exposen.<br \/>\nMitjan\u00e7ant la nostra web es facilitar\u00e0 a tots els Usuaris la possibilitat d&#8217;accedir als continguts, serveis i altra informaci\u00f3 relacionada amb l&#8217;objecte social d&#8217;aquesta entitat.<br \/>\nAlsinac est\u00e0 facultada per a modificar unilateralment totes i cadascuna de les obligacions establertes en les presents Condicions Generals, sense necessitat de previ av\u00eds. Igualment est\u00e0 capacitada per a reestructurar, modificar o eliminar qualsevol informaci\u00f3, servei o contingut incl\u00f2s a la seva web, sense necessitat de previ av\u00eds. La modificaci\u00f3 de qualsevol de les presents condicions generals per un cas particular nom\u00e9s tindr\u00e0 validesa quan hagi estat formalitzada per escrit i signada pels representants legals de cada part .<\/p>\n<h3 style=\"text-align: justify;\">Condicions d&#8217;acc\u00e9s i \u00fas<\/h3>\n<p style=\"text-align: justify;\">A la plana web d&#8217;Alsinac qualsevol usuari pot accedir gratu\u00eftament a la informaci\u00f3 que cont\u00e9.<br \/>\nLes condicions d&#8217;acc\u00e9s a la web estan supeditades a les disposicions legals vigents en cada moment aix\u00ed com als principis de bona fe i \u00fas l\u00edcit per part de l&#8217;Usuari, es prohibeix expressa i taxativament qualsevol tipus d&#8217;actuaci\u00f3 que pogu\u00e9s anar en detriment o perjudici de la nostra web o de tercers.<br \/>\nAquest lloc web no exigeix la subscripci\u00f3 pr\u00e8via per a la simple navegaci\u00f3, acc\u00e9s o utilitzaci\u00f3 del servei en q\u00fcesti\u00f3. No obstant, per a l&#8217;acc\u00e9s a determinats continguts i serveis, s&#8217;exigir\u00e0  subscripci\u00f3 i el seu corresponent registre com Usuari (d&#8217;ara en endavant Usuari Registrat).<br \/>\nDins el nostre lloc web s\u00f3n necessaries les  cookies. Les cookies s&#8217;utilitzen amb la finalitat d&#8217;agilitar la utilitzaci\u00f3 de la nostra plana.<\/p>\n<h3 style=\"text-align: justify;\"> Quin tipus de cookies fa servir aquesta plana?<\/h3>\n<p>Cookies d&#8217;an\u00e0lisi . Utilitzem cookies de Google Analytics, del prove\u00efdor Google per tenir un coneixement sobre la navegaci\u00f3  dels usuaris sobre la nostra web.<br \/>\nCookies de seguiment. Utilitzem cookies de Remarketing de Google Adwords, del prove\u00efdor Google, per tenir informaci\u00f3 sobre els interessos principals dels visitants de la nostra web, i poder realitzar campanyes publicit\u00e0ries basades en els interessos reals de l&#8217;usuari.<br \/>\nEn cap cas obtenim informaci\u00f3 sobre les dades personals de l&#8217;usuari, garantim la tutela de la privacitat de les persones que naveguen per la nostra web.<\/p>\n<h3 style=\"text-align: justify;\">Com es poden desactivar les cookies<\/h3>\n<p>Tot que la majoria dels navegadors accepten cookies de forma autom\u00e0tica, pots modificar la configuraci\u00f3 del teu navegador per permetre, bloquejar o eliminar les cookies instal\u2022lades en el teu equip:<\/p>\n<ul>\n<li>Com configurar les cookies a <a style=\"font-style: inherit; font-weight: inherit;\" href=\"http:\/\/windows.microsoft.com\/es-xl\/internet-explorer\/delete-manage-cookies\">Internet Explorer<\/a>.<\/li>\n<li>Com configurar les cookies a <a style=\"font-style: inherit; font-weight: inherit;\" href=\"https:\/\/support.google.com\/chrome\/answer\/95647?hl=es\">Google Chrome<\/a>.<\/li>\n<li>Com configurar les cookies a <a style=\"font-style: inherit; font-weight: inherit;\" href=\"http:\/\/support.mozilla.org\/es\/kb\/habilitar-y-deshabilitar-cookies-que-los-sitios-we\">Firefox<\/a>.<\/li>\n<li>Com configurar les cookies a <a style=\"font-style: inherit; font-weight: inherit;\" href=\"http:\/\/www.apple.com\/es\/privacy\/use-of-cookies\/\">Safari<\/a>.<\/li>\n<\/ul>\n[\/vc_column_text][vc_empty_space][\/vc_column][\/vc_row]\n<\/div><span class=\"et_bloom_bottom_trigger\"><\/span>","protected":false},"excerpt":{"rendered":"[vc_row][vc_column][vc_column_text] Pol\u00edtica de Cookies Informaci\u00f3 general Aquesta web ha estat elaborada, creada i dissenyada per Alsinac per donar a con\u00e8ixer i permetre l&#8217;acc\u00e9s a la informaci\u00f3 que cont\u00e9, amb les restriccions i limitacions que imposen les presents Condicions Generals aix\u00ed com permetre i possibilitar l&#8217;acc\u00e9s a altres p\u00e0gines amb les que nostra web tingui relacions [&hellip;]\n","protected":false},"author":1,"featured_media":0,"parent":0,"menu_order":0,"comment_status":"closed","ping_status":"closed","template":"","meta":{"om_disable_all_campaigns":false,"footnotes":""},"class_list":["post-7872","page","type-page","status-publish","hentry"],"aioseo_notices":[],"_links":{"self":[{"href":"https:\/\/alsinac.com\/ca\/wp-json\/wp\/v2\/pages\/7872","targetHints":{"allow":["GET"]}}],"collection":[{"href":"https:\/\/alsinac.com\/ca\/wp-json\/wp\/v2\/pages"}],"about":[{"href":"https:\/\/alsinac.com\/ca\/wp-json\/wp\/v2\/types\/page"}],"author":[{"embeddable":true,"href":"https:\/\/alsinac.com\/ca\/wp-json\/wp\/v2\/users\/1"}],"replies":[{"embeddable":true,"href":"https:\/\/alsinac.com\/ca\/wp-json\/wp\/v2\/comments?post=7872"}],"version-history":[{"count":2,"href":"https:\/\/alsinac.com\/ca\/wp-json\/wp\/v2\/pages\/7872\/revisions"}],"predecessor-version":[{"id":21938,"href":"https:\/\/alsinac.com\/ca\/wp-json\/wp\/v2\/pages\/7872\/revisions\/21938"}],"wp:attachment":[{"href":"https:\/\/alsinac.com\/ca\/wp-json\/wp\/v2\/media?parent=7872"}],"curies":[{"name":"wp","href":"https:\/\/api.w.org\/{rel}","templated":true}]}}