{"id":7868,"date":"2015-10-06T10:33:35","date_gmt":"2015-10-06T10:33:35","guid":{"rendered":"http:\/\/tienda.alsinac.com\/avis-legal\/"},"modified":"2025-05-11T08:28:33","modified_gmt":"2025-05-11T06:28:33","slug":"avis-legal","status":"publish","type":"page","link":"https:\/\/alsinac.com\/ca\/avis-legal\/","title":{"rendered":"Av\u00eds Legal"},"content":{"rendered":"<div class=\"wpb-content-wrapper\">[vc_row][vc_column][vc_column_text]\n<h2 style=\"text-align: justify;\">Av\u00eds Legal<\/h2>\n<h3 style=\"text-align: justify;\">Informaci\u00f3 general<\/h3>\n<p>Per donar compliment al que s&#8217;estableix a la Llei 34\/2002, de 11 de juliol, de serveis de la societat de la informaci\u00f3 i de comer\u00e7 electr\u00f2nic, a continuaci\u00f3 s&#8217;indiquen les dades d&#8217;informaci\u00f3 general d&#8217;aquest lloc web.<\/p>\n<p>Oscar Benages\u00a0Pujol<br \/>\nNIF: 46725005-E<br \/>\nc\/ Nord, 24-26<br \/>\n08720 Vilafranca del Pened\u00e9s<br \/>\nEmail:\u00a0cava-alsinac@alsinac.com<br \/>\nTel\u00e8fon: 656.66.27.31<\/p>\n<p style=\"text-align: justify;\">Oscar Benages Pujol, ofereix al lloc web Alsinac.com, informaci\u00f3 relacionada amb el tipus d&#8217;activitat, productes i serveis que realitza. L&#8217;acc\u00e9s al Lloc Web de Alsinac, i a la informaci\u00f3 relativa a qualsevol dels productes i serveis que hi consten, comporta l&#8217;acceptaci\u00f3 de les condicions previstes en el present Av\u00eds Legal. Per aix\u00f2 us recomanem que llegiu atentament el contingut si voleu accedir i fer \u00fas de la informaci\u00f3 i els serveis oferts des del lloc web. Alsinac ofereix l&#8217;acc\u00e9s al lloc web Alsinac.com en les condicions d&#8217;\u00fas que es descriuen a continuaci\u00f3:<\/p>\n<h3 style=\"text-align: justify;\">Condicions d&#8217;\u00fas<\/h3>\n<p style=\"text-align: justify;\">La informaci\u00f3 facilitada per Alsinac a la seva plana Web Alsinac.com ha de ser considerada per l&#8217;usuari com a una introducci\u00f3, sense que es pugui considerar com un element determinant per a la presa de decisions, declinant tota responsabilitat per l&#8217;\u00fas que pugui verificar-se&#8217;n en aquest sentit, i de forma espec\u00edfica s&#8217;ha d&#8217;entendre que aquesta informaci\u00f3, sotmesa a la normativa vigent a Espanya, no va destinada a aquells usuaris que actu\u00efn sota altres jurisdiccions d&#8217;Estats que exigeixin el compliment de requisits diferents per a la posada a disposici\u00f3, divulgaci\u00f3 o publicitat de serveis i \/ o productes publicitaris online.<\/p>\n<p style=\"text-align: justify;\">La informaci\u00f3 continguda al lloc Web \u00e9s la vigent en la data de la seva \u00faltima actualitzaci\u00f3. Les presents condicions s\u00f3n les vigents des de la data de la seva \u00faltima actualitzaci\u00f3. Alsinac es reserva el dret a modificar-les en qualsevol moment, en aquest cas entraran en vigor des de la seva publicaci\u00f3 i seran aplicables a tots els usuaris del portal des d&#8217;aquella data.<\/p>\n<p style=\"text-align: justify;\">Alsinac es reserva el dret a actualitzar, modificar o eliminar la informaci\u00f3 continguda en el lloc Web Alsinac.com, podent fins i tot limitar o no permetre l&#8217;acc\u00e9s a aquesta informaci\u00f3, sense previ av\u00eds. Especialment, Alsinac es reserva el dret a eliminar, limitar o impedir l&#8217;acc\u00e9s a la seva p\u00e0gina web quan sorgeixin dificultats t\u00e8cniques per fets o circumst\u00e0ncies aliens a Alsinac que, al seu criteri, disminueixin o anul\u2022lin els nivells de seguretat est\u00e0ndards adoptats per a l&#8217;adequat funcionament del lloc web.<\/p>\n<p style=\"text-align: justify;\">En cap cas Alsinac ser\u00e0 responsable de les p\u00e8rdues, danys o perjudicis de qualsevol tipus que sorgeixin per accedir i utilitzar el Lloc Web, incloent, per\u00f2 no limitant-se, als produ\u00efts en els sistemes inform\u00e0tics o els provocats per la introducci\u00f3 de virus i \/ o atacs inform\u00e0tics. Alsinac tampoc ser\u00e0 responsable dels danys que poguessin patir els usuaris per un \u00fas inadequat d&#8217;aquest Lloc Web i, de cap manera, de les caigudes, interrupcions, abs\u00e8ncia o defecte en les telecomunicacions.<\/p>\n<p style=\"text-align: justify;\">Alsinac no atorga cap garantia sobre la licitud i legalitat de la informaci\u00f3 o elements continguts en les p\u00e0gines del Lloc Web, quan la titularitat dels mateixos no correspongui a Alsinac.<\/p>\n<p style=\"text-align: justify;\">Alsinac no garanteix ni assumeix cap tipus de responsabilitat pels danys i perjudicis soferts per l&#8217;acc\u00e9s a serveis de tercers a trav\u00e9s de connexions, vincles o links dels llocs enlla\u00e7ats ni sobre la seva exactitud o fiabilitat. La funci\u00f3 dels enlla\u00e7os que apareixen en Alsinac.com \u00e9s exclusivament la d&#8217;informar a l&#8217;Usuari sobre l&#8217;exist\u00e8ncia d&#8217;altres fonts d&#8217;informaci\u00f3 a Internet, on podr\u00e0 ampliar els serveis oferts pel lloc web. En cap cas, aquesta entitat ser\u00e0 responsable dels resultats obtinguts a trav\u00e9s dels esmentats enlla\u00e7os o les conseq\u00fc\u00e8ncies que se&#8217;n derivin. Aquests serveis de tercers s\u00f3n proporcionats per aquests, pel que aquesta entitat no pot controlar la licitud dels seus serveis ni la seva qualitat. Per tant, per la nostra part es recomana que l&#8217;Usuari extremi les precaucions a l&#8217;hora d&#8217;accedir a aquest tipus d&#8217;enlla\u00e7os.<\/p>\n<p style=\"text-align: justify;\">Els camps de text lliure que poden apar\u00e8ixer en diferents formularis continguts en el Portal tenen com a \u00fanica finalitat permetre que l&#8217;Usuari expressi les seves consultes o necessitats respecte al servei prestat aix\u00ed com tenir informaci\u00f3 per millorar la qualitat dels serveis prestats per Alsinac. L&#8217;Usuari no inclour\u00e0, en el formulari on surtin &#8220;camps de text lliure&#8221;, cap dada de car\u00e0cter personal que pugui ser qualificada com a dada per a la que s&#8217;exigeix un nivell de protecci\u00f3 de tipus mitj\u00e0 o alt, sense previ av\u00eds a Alsinac.<\/p>\n<h3 style=\"text-align: justify;\">Condicions LSSICE<\/h3>\n<p style=\"text-align: justify;\">D&#8217;acord amb el que estableix la Llei 34\/2002, d&#8217; 11 de juliol, de serveis de la societat de la informaci\u00f3 i de comer\u00e7 electr\u00f2nic (LSSICE) ens autoritza a que li enviem comunicacions informatives, publicit\u00e0ries o promocionals per mitjans electr\u00f2nics i per aix\u00f2 incloem un av\u00eds d&#8217;acceptaci\u00f3 en l&#8217;enviament del formulari. No obstant aix\u00f2, en qualsevol moment vost\u00e8 pot exercir els seus drets de revocaci\u00f3 del consentiment per qualsevol dels mitjans descrits.<\/p>\n<h3 style=\"text-align: justify;\">Propietat intel\u2022lectual i industrial<\/h3>\n<p style=\"text-align: justify;\">Tot el lloc web de Alsinac, les p\u00e0gines que compr\u00e8n i la informaci\u00f3 o elements que contenen , incloent-hi textos, documents, imatges, fotografies, representacions gr\u00e0fiques, arxius d&#8217;\u00e0udio, bases de dades, codis inform\u00e0tics, estructura, selecci\u00f3 i ordre dels seus continguts, aix\u00ed com logotips, marques, noms comercials, combinacions de colors, tipografies o altres signes distintius, protegits per drets de propietat intel\u2022lectual o industrial, dels que Alsinac \u00e9s titular o leg\u00edtima llicenciat\u00e0ria, es troben protegits per la normativa de Propietat Intel\u2022lectual i Industrial, i no poden ser objecte d&#8217;explotaci\u00f3, reproducci\u00f3, distribuci\u00f3, modificaci\u00f3, comunicaci\u00f3 p\u00fablica, cessi\u00f3 o transformaci\u00f3 o qualsevol altra forma de difusi\u00f3 no autoritzada expressament. L&#8217;acc\u00e9s al Lloc Web no atorga als usuaris dret, ni titularitat sobre els drets de propietat intel\u2022lectual i \/ o industrial dels continguts que alberga aquest web. Qualsevol reproducci\u00f3, distribuci\u00f3, comercialitzaci\u00f3 o transformaci\u00f3 dels continguts que no hagi estat expressament autoritzada pels seus titulars, constitueix una infracci\u00f3 dels drets de propietat intel\u2022lectual i industrial protegits per la Llei. Alsinac es reserva la possibilitat d&#8217;exercir les accions legals que corresponguin contra els usuaris que violin o infringeixin els drets de propietat intel\u2022lectual i \/ o industrial.<\/p>\n<h3 style=\"text-align: justify;\">Legislaci\u00f3 aplicable i jurisdicci\u00f3<\/h3>\n<p style=\"text-align: justify;\">Les relacions establertes entre Alsinac i l&#8217;Usuari es regiran pel que disposa la normativa vigent sobre la legislaci\u00f3 aplicable i la jurisdicci\u00f3 competent. No obstant aix\u00f2, per als casos en que la normativa prevegi la possibilitat a les parts de sotmetre&#8217;s un fur, Alsinac i l&#8217;Usuari, amb ren\u00fancia expressa a qualsevol altre fur que pogu\u00e9s correspondre&#8217;ls, se sotmeten als Jutjats i Tribunals de la ciutat de Barcelona.<\/p>\n[\/vc_column_text][vc_empty_space][\/vc_column][\/vc_row]\n<\/div><span class=\"et_bloom_bottom_trigger\"><\/span>","protected":false},"excerpt":{"rendered":"[vc_row][vc_column][vc_column_text] Av\u00eds Legal Informaci\u00f3 general Per donar compliment al que s&#8217;estableix a la Llei 34\/2002, de 11 de juliol, de serveis de la societat de la informaci\u00f3 i de comer\u00e7 electr\u00f2nic, a continuaci\u00f3 s&#8217;indiquen les dades d&#8217;informaci\u00f3 general d&#8217;aquest lloc web. Oscar Benages\u00a0Pujol NIF: 46725005-E c\/ Nord, 24-26 08720 Vilafranca del Pened\u00e9s Email:\u00a0cava-alsinac@alsinac.com Tel\u00e8fon: 656.66.27.31 [&hellip;]\n","protected":false},"author":1,"featured_media":0,"parent":0,"menu_order":0,"comment_status":"closed","ping_status":"closed","template":"","meta":{"om_disable_all_campaigns":false,"footnotes":""},"class_list":["post-7868","page","type-page","status-publish","hentry"],"aioseo_notices":[],"_links":{"self":[{"href":"https:\/\/alsinac.com\/ca\/wp-json\/wp\/v2\/pages\/7868","targetHints":{"allow":["GET"]}}],"collection":[{"href":"https:\/\/alsinac.com\/ca\/wp-json\/wp\/v2\/pages"}],"about":[{"href":"https:\/\/alsinac.com\/ca\/wp-json\/wp\/v2\/types\/page"}],"author":[{"embeddable":true,"href":"https:\/\/alsinac.com\/ca\/wp-json\/wp\/v2\/users\/1"}],"replies":[{"embeddable":true,"href":"https:\/\/alsinac.com\/ca\/wp-json\/wp\/v2\/comments?post=7868"}],"version-history":[{"count":1,"href":"https:\/\/alsinac.com\/ca\/wp-json\/wp\/v2\/pages\/7868\/revisions"}],"predecessor-version":[{"id":23817,"href":"https:\/\/alsinac.com\/ca\/wp-json\/wp\/v2\/pages\/7868\/revisions\/23817"}],"wp:attachment":[{"href":"https:\/\/alsinac.com\/ca\/wp-json\/wp\/v2\/media?parent=7868"}],"curies":[{"name":"wp","href":"https:\/\/api.w.org\/{rel}","templated":true}]}}