{"id":7854,"date":"2015-09-27T09:59:31","date_gmt":"2015-09-27T09:59:31","guid":{"rendered":"http:\/\/tienda.alsinac.com\/els-nostres-productes\/"},"modified":"2020-02-20T12:42:39","modified_gmt":"2020-02-20T11:42:39","slug":"els-nostres-productes","status":"publish","type":"page","link":"https:\/\/alsinac.com\/ca\/els-nostres-productes\/","title":{"rendered":"Els Nostres Caves"},"content":{"rendered":"<div class=\"wpb-content-wrapper\">[vc_row][vc_column][vc_column_text]\n<p style=\"text-align: justify;\">Tots els nostres productes tenen la seva base en ra\u00efms de la Denominaci\u00f3 d&#8217;Origen Pened\u00e8s, excepte la Garnatxa, que \u00e9s de la Terra Alta, a prop de la desembocadura de l&#8217;Ebre.<\/p>\n<p style=\"text-align: justify;\">D&#8217;altra banda, nom\u00e9s fem servir, com a punt de partida en la nostra elaboraci\u00f3, Most Flor, \u00e9s a dir, el resultat de la primera premsada; d&#8217;aquesta manera, entre altres q\u00fcestions, evitem que el vi que fem servir porti alcohol met\u00edlic, prevenint-se les conseq\u00fc\u00e8ncies del popular &#8220;vi o cava cabez\u00f3n&#8221;. A banda d&#8217;aquest conegut efecte, el fet d&#8217;utilitzar Most Flor tamb\u00e9 presenta altres avantatges, tant pel que fa a les seves qualitats organol\u00e8ptiques, com en la salut del nostre organisme<\/p>\n[\/vc_column_text][vc_empty_space][\/vc_column][\/vc_row][vc_row][vc_column][vc_text_separator title=&#8221;Degustaci\u00f3&#8221; border_width=&#8221;2&#8243;][vc_empty_space][vc_row_inner][vc_column_inner width=&#8221;2\/3&#8243;][vc_column_text]\n<p style=\"text-align: justify;\">D&#8217;acord amb les subtileses que pugui presentar cada producte (per exemple, \u00e9s recomanable combinar els plats de carn amb Cava Reserva), hem elaborat els nostres productes amb la intenci\u00f3 de poder acompanyar-los durant tot els apats<\/p>\n<p style=\"text-align: justify;\">\u00c9s per aix\u00f2 que prescindim de sucres afegits que no formin part del propi proc\u00e9s de fermentaci\u00f3. Sense \u00e0nim de minimitzar altres vins o licors d&#8217;altres denominacions, estem conven\u00e7uts de que els podem aportar una major riquesa de sensacions i experi\u00e8ncies, tant en les seves celebracions, com en els seus moments quotidians.<\/p>\n<p style=\"text-align: justify;\">En aquest sentit, convidem a qui no en tingui l&#8217;h\u00e0bit, a degustar qualsevol dels nostres caves en els entrants o en el plat principal; molt probablement es trobar\u00e0 gratament sorpr\u00e8s i repetir\u00e0 en un futur.<\/p>\n[\/vc_column_text][\/vc_column_inner][vc_column_inner width=&#8221;1\/3&#8243;]<div  class=\"sc_image align\"><a href=\"https:\/\/alsinac.com\/wp-content\/uploads\/2015\/10\/foto-cava-rosado.jpg\" data-rel=\"lightbox-image-0\" data-magnific_type=\"image\" data-rl_title=\"\" data-rl_caption=\"\" title=\"\"><img decoding=\"async\"  src=\"https:\/\/alsinac.com\/wp-content\/uploads\/2015\/10\/foto-cava-rosado.jpg\" alt=\"Image\" \/><\/a><\/div>[\/vc_column_inner][\/vc_row_inner][vc_empty_space][\/vc_column][\/vc_row][vc_row][vc_column][vc_text_separator title=&#8221;Recomenacions&#8221; border_width=&#8221;2&#8243;][vc_empty_space][vc_row_inner][vc_column_inner width=&#8221;1\/2&#8243;][vc_column_text]\n<p style=\"text-align: justify;\">Tot i que \u00e9s el nostre desig que gaudeixi dels nostres caves i vins durant tot l&#8217;any, \u00e9s un fet clar que en temps de grans celebracions (Nadal, revetlles &#8230;) se n&#8217; augmenta el consum de forma considerable. \u00c9s per aix\u00f2 que recomanem ferventment que faci les seves comandes per aquestes temporades el m\u00e9s aviat possible.<\/p>\n<p style=\"text-align: justify;\">Si en alguna ocasi\u00f3 necessita algun cava amb sucres afegits (Brut, Semi-sec &#8230;), tamb\u00e9 li podem proporcionar. En aquest cas, al tractar-se de comandes no habituals, preguem es posin en contacte amb nosaltres per poder determinar-ne el preu i el termini de lliurament.<\/p>\n<p style=\"text-align: justify;\">Donat el nostre esfor\u00e7 per poder apropar les nostres elaboracions a tothom que ho desitgi, els nostres preus no seran mai un obstacle per disposar d&#8217;algun dels nostres caves o vins a la seva taula.<\/p>\n[\/vc_column_text][\/vc_column_inner][vc_column_inner width=&#8221;1\/2&#8243;][vc_column_text]\n<p style=\"text-align: justify;\">Com a recomanacions pr\u00e0ctiques, \u00e9s important tenir en compte que, excepte el vi negre de crian\u00e7a, els caves i la resta de vins no milloren amb el temps.<\/p>\n<p style=\"text-align: justify;\">Tot i poder-se consumir, les seves qualitats es comen\u00e7aran a degradar a partir d&#8217;un any; per aix\u00f2, \u00e9s recomanable el seu consum abans d&#8217;aquest termini.<\/p>\n<p style=\"text-align: justify;\">En relaci\u00f3 a la seva conservaci\u00f3, el m\u00e9s important a tenir en compte \u00e9s mantenir-lo en llocs on no hi hagi grans oscil\u2022lacions de temperatura.<\/p>\n[\/vc_column_text][\/vc_column_inner][\/vc_row_inner][\/vc_column][\/vc_row][vc_row][vc_column][vc_empty_space][\/vc_column][\/vc_row]\n<\/div><span class=\"et_bloom_bottom_trigger\"><\/span>","protected":false},"excerpt":{"rendered":"[vc_row][vc_column][vc_column_text] Tots els nostres productes tenen la seva base en ra\u00efms de la Denominaci\u00f3 d&#8217;Origen Pened\u00e8s, excepte la Garnatxa, que \u00e9s de la Terra Alta, a prop de la desembocadura de l&#8217;Ebre. D&#8217;altra banda, nom\u00e9s fem servir, com a punt de partida en la nostra elaboraci\u00f3, Most Flor, \u00e9s a dir, el resultat de la [&hellip;]\n","protected":false},"author":1,"featured_media":0,"parent":0,"menu_order":0,"comment_status":"closed","ping_status":"open","template":"","meta":{"om_disable_all_campaigns":false,"footnotes":""},"class_list":["post-7854","page","type-page","status-publish","hentry"],"aioseo_notices":[],"_links":{"self":[{"href":"https:\/\/alsinac.com\/ca\/wp-json\/wp\/v2\/pages\/7854","targetHints":{"allow":["GET"]}}],"collection":[{"href":"https:\/\/alsinac.com\/ca\/wp-json\/wp\/v2\/pages"}],"about":[{"href":"https:\/\/alsinac.com\/ca\/wp-json\/wp\/v2\/types\/page"}],"author":[{"embeddable":true,"href":"https:\/\/alsinac.com\/ca\/wp-json\/wp\/v2\/users\/1"}],"replies":[{"embeddable":true,"href":"https:\/\/alsinac.com\/ca\/wp-json\/wp\/v2\/comments?post=7854"}],"version-history":[{"count":0,"href":"https:\/\/alsinac.com\/ca\/wp-json\/wp\/v2\/pages\/7854\/revisions"}],"wp:attachment":[{"href":"https:\/\/alsinac.com\/ca\/wp-json\/wp\/v2\/media?parent=7854"}],"curies":[{"name":"wp","href":"https:\/\/api.w.org\/{rel}","templated":true}]}}